{"id":1022,"date":"2020-11-01T18:51:30","date_gmt":"2020-11-01T18:51:30","guid":{"rendered":"https:\/\/rubikontext.hu\/products\/veglevago-szabasz-asztal\/"},"modified":"2020-11-12T20:06:41","modified_gmt":"2020-11-12T20:06:41","slug":"vla-539-lay-cutter-set","status":"publish","type":"page","link":"https:\/\/rubikontext.hu\/en\/products\/vla-539-lay-cutter-set\/","title":{"rendered":"VLA 539 Lay Cutter Set"},"content":{"rendered":"<div id='hero-desktop'  class='avia-section main_color avia-section-default avia-no-border-styling  avia-full-stretch avia-bg-style-fixed  avia-builder-el-0  el_before_av_section  avia-builder-el-first   av-small-hide av-mini-hide av-minimum-height av-minimum-height-42  container_wrap fullsize' style='background-repeat: no-repeat; background-image: url(https:\/\/rubikontext.hu\/wp-content\/uploads\/2020\/11\/rubikontext-headers-06.jpg);background-attachment: fixed; background-position: center center;  '  data-section-bg-repeat='stretch' data-av_minimum_height_pc='42'><div class='container' ><main  role=\"main\" itemprop=\"mainContentOfPage\"  class='template-page content  av-content-full alpha units'><div class='post-entry post-entry-type-page post-entry-1022'><div class='entry-content-wrapper clearfix'>\n<div class=\"flex_column av_one_full  av-animated-generic fade-in  flex_column_div av-zero-column-padding first  avia-builder-el-1  avia-builder-el-no-sibling  \" style='border-radius:0px; '><div  style='padding-bottom:0px; ' class='av-special-heading av-special-heading-h1  blockquote modern-quote  avia-builder-el-2  avia-builder-el-no-sibling  '><h1 class='av-special-heading-tag '  itemprop=\"headline\"  >Lay Cutter Set<\/h1><div class ='av-subheading av-subheading_below  ' style='font-size:15px;'><p>VLA 539<\/p>\n<\/div><div class='special-heading-border'><div class='special-heading-inner-border' ><\/div><\/div><\/div><\/div>\n\n<\/div><\/div><\/main><!-- close content main element --><\/div><\/div><div id='hero-mobil'  class='avia-section main_color avia-section-small avia-no-border-styling  avia-full-stretch avia-bg-style-scroll  avia-builder-el-3  el_after_av_section  el_before_av_section   av-desktop-hide av-medium-hide av-minimum-height av-minimum-height-36  container_wrap fullsize' style='background-repeat: no-repeat; background-image: url(https:\/\/rubikontext.hu\/wp-content\/uploads\/2020\/11\/rubikontext-headers-06.jpg);background-attachment: scroll; background-position: center center;  '  data-section-bg-repeat='stretch' data-av_minimum_height_pc='36'><div class='container' ><div class='template-page content  av-content-full alpha units'><div class='post-entry post-entry-type-page post-entry-1022'><div class='entry-content-wrapper clearfix'>\n<div class=\"flex_column av_one_full  av-animated-generic fade-in  flex_column_div av-zero-column-padding first  avia-builder-el-4  avia-builder-el-no-sibling  \" style='border-radius:0px; '><div  style='padding-bottom:0px; ' class='av-special-heading av-special-heading-h1  blockquote modern-quote  avia-builder-el-5  avia-builder-el-no-sibling  '><h1 class='av-special-heading-tag '  itemprop=\"headline\"  >Lay Cutter Set<\/h1><div class ='av-subheading av-subheading_below  ' style='font-size:15px;'><p>VLA 539<\/p>\n<\/div><div class='special-heading-border'><div class='special-heading-inner-border' ><\/div><\/div><\/div><\/div>\n\n<\/div><\/div><\/div><!-- close content main div --><\/div><\/div><div id='catalogues'  class='avia-section main_color avia-section-default avia-no-border-styling  avia-bg-style-scroll  avia-builder-el-6  el_after_av_section  el_before_av_section   container_wrap fullsize' style=' '  ><div class='container' ><div class='template-page content  av-content-full alpha units'><div class='post-entry post-entry-type-page post-entry-1022'><div class='entry-content-wrapper clearfix'>\n<div class='flex_column_table av-equal-height-column-flextable av-break-at-tablet-flextable' ><div class=\"flex_column av_two_third  av-break-at-tablet flex_column_table_cell av-equal-height-column av-align-top first  avia-builder-el-7  el_before_av_one_third  avia-builder-el-first  \" style='padding:0px 0px 0px 30px ; border-radius:0px; '><section class=\"av_textblock_section \"  itemscope=\"itemscope\" itemtype=\"https:\/\/schema.org\/CreativeWork\" ><div class='avia_textblock  '   itemprop=\"text\" ><p>The cutting unit for fabric ends is available first of all for cutting of light weight, thin woven and knitted fabrics, linings, etc.<br \/>\nThe equipment consists of three main parts:<br \/>\n\u2013 lifting and cutting device,<br \/>\n\u2013 selvage clamper,<br \/>\n\u2013 winding-off device.<\/p>\n<p>The hand-operated lifting device is easy to handle. It can be fixed in two different heights by blocking. The fixing parts fit to the current table dimensions, thus, when ordering this device for an existing laying table, its exact dimensions should be given. For cutting a manually operated round knife cutting machine is used which runs in a guide and has lengthened shaft. Starting and stopping of operation of the cutting machine is made automatically.<\/p>\n<p>The fabric to be cut is unwound from the roll on the stand. The roll shaft rests on bearings, its revolution speed can be regulated by brake. The fixing parts fit to the current table dimensions. To lay right side opposite to right side, the fabric roll now can be turned round on a vertical shaft.<\/p>\n<p>The cutting unit can be ordered together with laying table. The table is 2000 mm wide, its length can be extended free by 1000 mm long units. The table board is mounted on stiff metal framework.<\/p>\n<p><strong>Voltage:<\/strong> 240 V<br \/>\n<strong>Motor power:<\/strong> 130 W<br \/>\n<strong>Diameter of cutting knife:<\/strong> 100 mm<br \/>\n<strong>Cutting speed:<\/strong> 2.4 m\/s<br \/>\n<strong>Height of stack:<\/strong> 300 mm<\/p>\n<\/div><\/section><\/div><div class='av-flex-placeholder'><\/div><div class=\"flex_column av_one_third  av-break-at-tablet flex_column_table_cell av-equal-height-column av-align-top av-zero-column-padding   avia-builder-el-9  el_after_av_two_third  avia-builder-el-last  \" style='border-radius:0px; '><p><section class=\"av_textblock_section \"  itemscope=\"itemscope\" itemtype=\"https:\/\/schema.org\/CreativeWork\" ><div class='avia_textblock  '   itemprop=\"text\" ><div id=\"attachment_851\" style=\"width: 266px\" class=\"wp-caption alignnone\"><img loading=\"lazy\" decoding=\"async\" aria-describedby=\"caption-attachment-851\" class=\"size-full wp-image-851\" src=\"https:\/\/rubikontext.hu\/wp-content\/uploads\/2020\/11\/vla-539.jpg\" alt=\"Manual lay cutter VLA 539\" width=\"256\" height=\"200\" \/><p id=\"caption-attachment-851\" class=\"wp-caption-text\">Manual lay cutter VLA 539<\/p><\/div>\n<\/div><\/section><br \/>\n<section class=\"av_textblock_section \"  itemscope=\"itemscope\" itemtype=\"https:\/\/schema.org\/CreativeWork\" ><div class='avia_textblock  '   itemprop=\"text\" ><div id=\"attachment_852\" style=\"width: 277px\" class=\"wp-caption alignnone\"><img loading=\"lazy\" decoding=\"async\" aria-describedby=\"caption-attachment-852\" class=\"size-full wp-image-852\" src=\"https:\/\/rubikontext.hu\/wp-content\/uploads\/2020\/11\/szabaszasztal.jpg\" alt=\"Cutting-board\" width=\"267\" height=\"200\" \/><p id=\"caption-attachment-852\" class=\"wp-caption-text\">Cutting-board<\/p><\/div>\n<\/div><\/section><\/p><\/div><\/div><!--close column table wrapper. Autoclose: 1 --><\/div><\/div><\/div><!-- close content main div --><\/div><\/div><div id='av_section_4'  class='avia-section main_color avia-section-default avia-no-border-styling  avia-full-stretch av-parallax-section avia-bg-style-parallax  avia-builder-el-12  el_after_av_section  el_before_av_section  heading-separator-desktop  av-medium-hide av-small-hide av-mini-hide av-minimum-height av-minimum-height-25  container_wrap fullsize' style=' '  data-section-bg-repeat='stretch' data-av_minimum_height_pc='25'><div class='av-parallax' data-avia-parallax-ratio='0.3' ><div class='av-parallax-inner main_color  avia-full-stretch' style = 'background-repeat: no-repeat; background-image: url(https:\/\/rubikontext.hu\/wp-content\/uploads\/2020\/11\/htr-02.jpg);background-attachment: scroll; background-position: center center; ' ><\/div><\/div><div class='container' ><div class='template-page content  av-content-full alpha units'><div class='post-entry post-entry-type-page post-entry-1022'><div class='entry-content-wrapper clearfix'>\n<div  style='padding-bottom:10px; ' class='av-special-heading av-special-heading-h2  blockquote modern-quote  avia-builder-el-13  avia-builder-el-no-sibling  '><h2 class='av-special-heading-tag '  itemprop=\"headline\"  >K\u00e9sz gy\u00e1rtm\u00e1nyok<\/h2><div class='special-heading-border'><div class='special-heading-inner-border' ><\/div><\/div><\/div>\n<\/p>\n<\/div><\/div><\/div><!-- close content main div --><\/div><\/div><div id='av_section_5'  class='avia-section main_color avia-section-default avia-no-border-styling  avia-full-stretch avia-bg-style-scroll  avia-builder-el-14  el_after_av_section  el_before_av_section  heading-separator-mobil  av-desktop-hide av-minimum-height av-minimum-height-25  container_wrap fullsize' style='background-repeat: no-repeat; background-image: url(https:\/\/rubikontext.hu\/wp-content\/uploads\/2020\/11\/htr-02.jpg);background-attachment: scroll; background-position: center center;  '  data-section-bg-repeat='stretch' data-av_minimum_height_pc='25'><div class='container' ><div class='template-page content  av-content-full alpha units'><div class='post-entry post-entry-type-page post-entry-1022'><div class='entry-content-wrapper clearfix'>\n<div  style='padding-bottom:10px; ' class='av-special-heading av-special-heading-h2  blockquote modern-quote  avia-builder-el-15  avia-builder-el-no-sibling  '><h2 class='av-special-heading-tag '  itemprop=\"headline\"  >K\u00e9sz gy\u00e1rtm\u00e1nyok<\/h2><div class='special-heading-border'><div class='special-heading-inner-border' ><\/div><\/div><\/div>\n\n<\/div><\/div><\/div><!-- close content main div --><\/div><\/div><div id='products-content'  class='avia-section main_color avia-section-default avia-no-border-styling  avia-bg-style-scroll  avia-builder-el-16  el_after_av_section  el_before_av_section   container_wrap fullsize' style=' '  ><div class='container' ><div class='template-page content  av-content-full alpha units'><div class='post-entry post-entry-type-page post-entry-1022'><div class='entry-content-wrapper clearfix'>\n<div class='flex_column_table av-equal-height-column-flextable -flextable' ><div class=\"flex_column av_one_third  flex_column_table_cell av-equal-height-column av-align-top av-zero-column-padding avia-link-column av-column-link avia-link-column-hover first  avia-builder-el-17  el_before_av_one_third  avia-builder-el-first  \" style='border-radius:0px; ' data-link-column-url=\"https:\/\/rubikontext.hu\/termekek\/korkeses-szabaszgepek\/\" ><a class=\"av-screen-reader-only\" href=https:\/\/rubikontext.hu\/termekek\/korkeses-szabaszgepek\/  title=\"K\u00f6rk\u00e9ses szab\u00e1szg\u00e9pek\">Link to: K\u00f6rk\u00e9ses szab\u00e1szg\u00e9pek<\/a><p><div  style='padding-bottom:0px; ' class='av-special-heading av-special-heading-h3  blockquote modern-quote  avia-builder-el-18  el_before_av_textblock  avia-builder-el-first  '><h3 class='av-special-heading-tag '  itemprop=\"headline\"  >K\u00f6rk\u00e9ses szab\u00e1szg\u00e9pek<\/h3><div class='special-heading-border'><div class='special-heading-inner-border' ><\/div><\/div><\/div><br \/>\n<section class=\"av_textblock_section \"  itemscope=\"itemscope\" itemtype=\"https:\/\/schema.org\/CreativeWork\" ><div class='avia_textblock rubicon-prod-desc '   itemprop=\"text\" ><p>Az CS 539 t\u00edpus\u00fa k\u00f6rk\u00e9ses szab\u00e1szg\u00e9pcsal\u00e1d els\u0151sorban a ruh\u00e1zati \u00e9s a k\u00f6t\u0151sz\u00f6v\u0151ipari szab\u00e1szatokban alkalmazott sz\u00f6vetek, k\u00f6t\u00f6tt-, hurkolt kelm\u00e9k, b\u00e9l\u00e9sanyagok, selymek darabol\u00e1s\u00e1ra haszn\u00e1lhat\u00f3k.<\/p>\n<p><a href=\"https:\/\/rubikontext.hu\/termekek\/korkeses-szabaszgepek\/\">R\u00e9szletek<\/a><\/p>\n<\/div><\/section><\/p><\/div><div class='av-flex-placeholder'><\/div><div class=\"flex_column av_one_third  flex_column_table_cell av-equal-height-column av-align-top av-zero-column-padding avia-link-column av-column-link avia-link-column-hover   avia-builder-el-20  el_after_av_one_third  el_before_av_one_third  \" style='border-radius:0px; ' data-link-column-url=\"https:\/\/rubikontext.hu\/termekek\/kardkeses-szabaszgepek\/\" ><a class=\"av-screen-reader-only\" href=https:\/\/rubikontext.hu\/termekek\/kardkeses-szabaszgepek\/  title=\"Kardk\u00e9ses szab\u00e1szg\u00e9pek\" alt=\"Kardk\u00e9ses szab\u00e1szg\u00e9pek\">Link to: Kardk\u00e9ses szab\u00e1szg\u00e9pek<\/a><p><div  style='padding-bottom:0px; ' class='av-special-heading av-special-heading-h3  blockquote modern-quote  avia-builder-el-21  el_before_av_textblock  avia-builder-el-first  '><h3 class='av-special-heading-tag '  itemprop=\"headline\"  >Kardk\u00e9ses szab\u00e1szg\u00e9pek<\/h3><div class='special-heading-border'><div class='special-heading-inner-border' ><\/div><\/div><\/div><br \/>\n<section class=\"av_textblock_section \"  itemscope=\"itemscope\" itemtype=\"https:\/\/schema.org\/CreativeWork\" ><div class='avia_textblock rubicon-prod-desc '   itemprop=\"text\" ><p>Az 532 t\u00edpus\u00fa kardk\u00e9ses szab\u00e1szg\u00e9p csal\u00e1d els\u0151sorban a ruh\u00e1zati ipar r\u00e9sz\u00e9re ter\u00edt\u00e9kek darabol\u00e1s\u00e1ra \u00e9s nagyobb alkatr\u00e9szek pontos kiszab\u00e1s\u00e1ra szolg\u00e1l.<\/p>\n<p><a href=\"https:\/\/rubikontext.hu\/termekek\/kardkeses-szabaszgepek\/\">R\u00e9szletek<\/a><\/p>\n<\/div><\/section><\/p><\/div><div class='av-flex-placeholder'><\/div><div class=\"flex_column av_one_third  flex_column_table_cell av-equal-height-column av-align-top av-zero-column-padding avia-link-column av-column-link avia-link-column-hover   avia-builder-el-23  el_after_av_one_third  avia-builder-el-last  \" style='border-radius:0px; ' data-link-column-url=\"https:\/\/rubikontext.hu\/termekek\/veglevago-szabasz-asztal\/\" ><a class=\"av-screen-reader-only\" href=https:\/\/rubikontext.hu\/termekek\/veglevago-szabasz-asztal\/  title=\"V\u00e9glev\u00e1g\u00f3, szab\u00e1sz asztal\" alt=\"V\u00e9glev\u00e1g\u00f3, szab\u00e1sz asztal\">Link to: V\u00e9glev\u00e1g\u00f3, szab\u00e1sz asztal<\/a><p><div  style='padding-bottom:0px; ' class='av-special-heading av-special-heading-h3  blockquote modern-quote  avia-builder-el-24  el_before_av_textblock  avia-builder-el-first  '><h3 class='av-special-heading-tag '  itemprop=\"headline\"  >V\u00e9glev\u00e1g\u00f3, szab\u00e1sz asztal<\/h3><div class='special-heading-border'><div class='special-heading-inner-border' ><\/div><\/div><\/div><br \/>\n<section class=\"av_textblock_section \"  itemscope=\"itemscope\" itemtype=\"https:\/\/schema.org\/CreativeWork\" ><div class='avia_textblock rubicon-prod-desc '   itemprop=\"text\" ><p>A v\u00e9glev\u00e1g\u00f3 berendez\u00e9s \/CS VLA 003\/ f\u0151k\u00e9nt a k\u00f6nny\u0171, v\u00e9kony sz\u00f6vetek, k\u00f6t\u00f6tt, hurkolt kelm\u00e9k, b\u00e9l\u00e9sanyagok, selymek stb. darabol\u00e1s\u00e1ra alkalmas.<\/p>\n<p><a href=\"https:\/\/rubikontext.hu\/termekek\/veglevago-szabasz-asztal\/\">R\u00e9szletek<\/a><\/p>\n<\/div><\/section><\/p><\/div><\/div><!--close column table wrapper. Autoclose: 1 -->\n\n<\/div><\/div><\/div><!-- close content main div --><\/div><\/div><div id='social-bottom'  class='avia-section header_color avia-section-default avia-no-border-styling  avia-bg-style-scroll  avia-builder-el-26  el_after_av_section  avia-builder-el-last   container_wrap fullsize' style='background-color: #222222;  '  ><div class='container' ><div class='template-page content  av-content-full alpha units'><div class='post-entry post-entry-type-page post-entry-1022'><div class='entry-content-wrapper clearfix'>\n<div class='flex_column_table av-equal-height-column-flextable -flextable' ><div class=\"flex_column av_two_third  flex_column_table_cell av-equal-height-column av-align-middle av-zero-column-padding first  avia-builder-el-27  el_before_av_one_third  avia-builder-el-first  \" style='border-radius:0px; '><div  style='padding-bottom:0px; ' class='av-special-heading av-special-heading-h3  blockquote modern-quote  avia-builder-el-28  avia-builder-el-no-sibling  '><h3 class='av-special-heading-tag '  itemprop=\"headline\"  >Megoszt\u00e1s<\/h3><div class='special-heading-border'><div class='special-heading-inner-border' ><\/div><\/div><\/div><\/div><div class='av-flex-placeholder'><\/div><div class=\"flex_column av_one_third  flex_column_table_cell av-equal-height-column av-align-middle av-zero-column-padding   avia-builder-el-29  el_after_av_two_third  avia-builder-el-last  \" style='border-radius:0px; '><div  class='av-social-sharing-box  avia-builder-el-30  avia-builder-el-no-sibling  '><div class='av-share-box'><ul class='av-share-box-list noLightbox'><li class='av-share-link av-social-link-facebook' ><a target=\"_blank\" aria-label=\"Share on Facebook\" href='https:\/\/www.facebook.com\/sharer.php?u=https:\/\/rubikontext.hu\/en\/products\/vla-539-lay-cutter-set\/&#038;t=VLA%20539%20Lay%20Cutter%20Set' aria-hidden='false' data-av_icon='\ue8f3' data-av_iconfont='entypo-fontello' title='' data-avia-related-tooltip='Share on Facebook' rel=\"noopener\"><span class='avia_hidden_link_text'>Share on Facebook<\/span><\/a><\/li><li class='av-share-link av-social-link-twitter' ><a target=\"_blank\" aria-label=\"Share on Twitter\" href='https:\/\/twitter.com\/share?text=VLA%20539%20Lay%20Cutter%20Set&#038;url=https:\/\/rubikontext.hu\/en\/?p=1022' aria-hidden='false' data-av_icon='\ue8f1' data-av_iconfont='entypo-fontello' title='' data-avia-related-tooltip='Share on Twitter' rel=\"noopener\"><span class='avia_hidden_link_text'>Share on Twitter<\/span><\/a><\/li><li class='av-share-link av-social-link-linkedin' ><a target=\"_blank\" aria-label=\"Share on LinkedIn\" href='https:\/\/linkedin.com\/shareArticle?mini=true&#038;title=VLA%20539%20Lay%20Cutter%20Set&#038;url=https:\/\/rubikontext.hu\/en\/products\/vla-539-lay-cutter-set\/' aria-hidden='false' data-av_icon='\ue8fc' data-av_iconfont='entypo-fontello' title='' data-avia-related-tooltip='Share on LinkedIn' rel=\"noopener\"><span class='avia_hidden_link_text'>Share on LinkedIn<\/span><\/a><\/li><li class='av-share-link av-social-link-mail' ><a  aria-label=\"Share by Mail\" href='mailto:?subject=VLA%20539%20Lay%20Cutter%20Set&#038;body=https:\/\/rubikontext.hu\/en\/products\/vla-539-lay-cutter-set\/' aria-hidden='false' data-av_icon='\ue805' data-av_iconfont='entypo-fontello' title='' data-avia-related-tooltip='Share by Mail'><span class='avia_hidden_link_text'>Share by Mail<\/span><\/a><\/li><\/ul><\/div><\/div><\/div><\/div><!--close column table wrapper. Autoclose: 1 -->\n\n","protected":false},"excerpt":{"rendered":"","protected":false},"author":1,"featured_media":0,"parent":1012,"menu_order":0,"comment_status":"closed","ping_status":"closed","template":"","meta":{"footnotes":""},"_links":{"self":[{"href":"https:\/\/rubikontext.hu\/en\/wp-json\/wp\/v2\/pages\/1022"}],"collection":[{"href":"https:\/\/rubikontext.hu\/en\/wp-json\/wp\/v2\/pages"}],"about":[{"href":"https:\/\/rubikontext.hu\/en\/wp-json\/wp\/v2\/types\/page"}],"author":[{"embeddable":true,"href":"https:\/\/rubikontext.hu\/en\/wp-json\/wp\/v2\/users\/1"}],"replies":[{"embeddable":true,"href":"https:\/\/rubikontext.hu\/en\/wp-json\/wp\/v2\/comments?post=1022"}],"version-history":[{"count":4,"href":"https:\/\/rubikontext.hu\/en\/wp-json\/wp\/v2\/pages\/1022\/revisions"}],"predecessor-version":[{"id":1113,"href":"https:\/\/rubikontext.hu\/en\/wp-json\/wp\/v2\/pages\/1022\/revisions\/1113"}],"up":[{"embeddable":true,"href":"https:\/\/rubikontext.hu\/en\/wp-json\/wp\/v2\/pages\/1012"}],"wp:attachment":[{"href":"https:\/\/rubikontext.hu\/en\/wp-json\/wp\/v2\/media?parent=1022"}],"curies":[{"name":"wp","href":"https:\/\/api.w.org\/{rel}","templated":true}]}}