{"id":1019,"date":"2020-10-26T11:26:31","date_gmt":"2020-10-26T11:26:31","guid":{"rendered":"https:\/\/rubikontext.hu\/products\/korkeses-szabaszgepek\/"},"modified":"2020-12-09T23:46:57","modified_gmt":"2020-12-09T23:46:57","slug":"cutting-machines-cs-539","status":"publish","type":"page","link":"https:\/\/rubikontext.hu\/en\/products\/cutting-machines-cs-539\/","title":{"rendered":"Cutting Machines CS 539"},"content":{"rendered":"<div id='hero-desktop'  class='avia-section main_color avia-section-default avia-no-border-styling  avia-full-stretch avia-bg-style-fixed  avia-builder-el-0  el_before_av_section  avia-builder-el-first   av-small-hide av-mini-hide av-minimum-height av-minimum-height-42  container_wrap fullsize' style='background-repeat: no-repeat; background-image: url(https:\/\/rubikontext.hu\/wp-content\/uploads\/2020\/11\/rubikontext-headers-06.jpg);background-attachment: fixed; background-position: center center;  '  data-section-bg-repeat='stretch' data-av_minimum_height_pc='42'><div class='container' ><main  role=\"main\" itemprop=\"mainContentOfPage\"  class='template-page content  av-content-full alpha units'><div class='post-entry post-entry-type-page post-entry-1019'><div class='entry-content-wrapper clearfix'>\n<div class=\"flex_column av_one_full  av-animated-generic fade-in  flex_column_div av-zero-column-padding first  avia-builder-el-1  avia-builder-el-no-sibling  \" style='border-radius:0px; '><div  style='padding-bottom:0px; ' class='av-special-heading av-special-heading-h1  blockquote modern-quote  avia-builder-el-2  avia-builder-el-no-sibling  '><h1 class='av-special-heading-tag '  itemprop=\"headline\"  >Round Knife Cutting Machine<\/h1><div class ='av-subheading av-subheading_below  ' style='font-size:15px;'><p>The CS 539 family<\/p>\n<\/div><div class='special-heading-border'><div class='special-heading-inner-border' ><\/div><\/div><\/div><\/div>\n\n<\/div><\/div><\/main><!-- close content main element --><\/div><\/div><div id='hero-mobil'  class='avia-section main_color avia-section-small avia-no-border-styling  avia-full-stretch avia-bg-style-scroll  avia-builder-el-3  el_after_av_section  el_before_av_section   av-desktop-hide av-medium-hide av-minimum-height av-minimum-height-36  container_wrap fullsize' style='background-repeat: no-repeat; background-image: url(https:\/\/rubikontext.hu\/wp-content\/uploads\/2020\/11\/rubikontext-headers-06.jpg);background-attachment: scroll; background-position: center center;  '  data-section-bg-repeat='stretch' data-av_minimum_height_pc='36'><div class='container' ><div class='template-page content  av-content-full alpha units'><div class='post-entry post-entry-type-page post-entry-1019'><div class='entry-content-wrapper clearfix'>\n<div class=\"flex_column av_one_full  av-animated-generic fade-in  flex_column_div av-zero-column-padding first  avia-builder-el-4  avia-builder-el-no-sibling  \" style='border-radius:0px; '><div  style='padding-bottom:0px; ' class='av-special-heading av-special-heading-h1  blockquote modern-quote  avia-builder-el-5  avia-builder-el-no-sibling  '><h1 class='av-special-heading-tag '  itemprop=\"headline\"  >Round Knife Cutting Machine<\/h1><div class ='av-subheading av-subheading_below  ' style='font-size:15px;'><p>The CS 539 family<\/p>\n<\/div><div class='special-heading-border'><div class='special-heading-inner-border' ><\/div><\/div><\/div><\/div>\n\n<\/div><\/div><\/div><!-- close content main div --><\/div><\/div><div id='catalogues'  class='avia-section main_color avia-section-default avia-no-border-styling  avia-bg-style-scroll  avia-builder-el-6  el_after_av_section  el_before_av_section   container_wrap fullsize' style=' '  ><div class='container' ><div class='template-page content  av-content-full alpha units'><div class='post-entry post-entry-type-page post-entry-1019'><div class='entry-content-wrapper clearfix'>\n<div class='flex_column_table av-equal-height-column-flextable av-break-at-tablet-flextable' ><div class=\"flex_column av_one_fourth  no_margin av-break-at-tablet flex_column_table_cell av-equal-height-column av-align-top first  avia-builder-el-7  el_before_av_one_fourth  avia-builder-el-first  \" style='background: #f2f2f2; padding:30px; background-color:#f2f2f2; border-radius:0px; '><p><div  class='avia-image-container  av-styling-    avia-builder-el-8  el_before_av_heading  avia-builder-el-first  avia-align-center '  itemprop=\"image\" itemscope=\"itemscope\" itemtype=\"https:\/\/schema.org\/ImageObject\"  ><div class='avia-image-container-inner'><div class='avia-image-overlay-wrap'><img decoding=\"async\" class='wp-image-447 avia-img-lazy-loading-not-447 avia_image' src=\"https:\/\/rubikontext.hu\/wp-content\/uploads\/2020\/10\/cs-539-10.jpg\" alt='CS 539\/10 k\u00f6rk\u00e9ses szab\u00e1szg\u00e9p. Rubikon Text Kft., S\u00e1rospatak' title='CS 539\/10 k\u00f6rk\u00e9ses szab\u00e1szg\u00e9p. Rubikon Text Kft., S\u00e1rospatak' height=\"259\" width=\"191\"  itemprop=\"thumbnailUrl\"  \/><\/div><\/div><\/div><br \/>\n<div  style='padding-bottom:0px; ' class='av-special-heading av-special-heading-h4  blockquote modern-quote  avia-builder-el-9  el_after_av_image  el_before_av_textblock  '><h4 class='av-special-heading-tag '  itemprop=\"headline\"  >CS 539\/10<\/h4><div class='special-heading-border'><div class='special-heading-inner-border' ><\/div><\/div><\/div><br \/>\n<section class=\"av_textblock_section \"  itemscope=\"itemscope\" itemtype=\"https:\/\/schema.org\/CreativeWork\" ><div class='avia_textblock  '   itemprop=\"text\" ><p><a href=\"https:\/\/rubikontext.hu\/wp-content\/uploads\/2020\/10\/CS_539_10A.pdf\">Spare parts catalogue 1 (pdf)<\/a><br \/>\n<a href=\"https:\/\/rubikontext.hu\/wp-content\/uploads\/2020\/10\/CS_539_4_4.pdf\">Spare parts catalogue 2 (pdf)<\/a><\/p>\n<\/div><\/section><\/p><\/div><div class=\"flex_column av_one_fourth  no_margin av-break-at-tablet flex_column_table_cell av-equal-height-column av-align-top   avia-builder-el-11  el_after_av_one_fourth  el_before_av_one_fourth  \" style='background: #f2f2f2; padding:30px; background-color:#f2f2f2; border-radius:0px; '><p><div  class='avia-image-container  av-styling-    avia-builder-el-12  el_before_av_heading  avia-builder-el-first  avia-align-center '  itemprop=\"image\" itemscope=\"itemscope\" itemtype=\"https:\/\/schema.org\/ImageObject\"  ><div class='avia-image-container-inner'><div class='avia-image-overlay-wrap'><img decoding=\"async\" class='wp-image-448 avia-img-lazy-loading-not-448 avia_image' src=\"https:\/\/rubikontext.hu\/wp-content\/uploads\/2020\/10\/cs-539-12.jpg\" alt='CS 539\/12 k\u00f6rk\u00e9ses szab\u00e1szg\u00e9p. Rubikon Text Kft., S\u00e1rospatak' title='CS 539\/12 k\u00f6rk\u00e9ses szab\u00e1szg\u00e9p. Rubikon Text Kft., S\u00e1rospatak' height=\"259\" width=\"200\"  itemprop=\"thumbnailUrl\"  \/><\/div><\/div><\/div><br \/>\n<div  style='padding-bottom:0px; ' class='av-special-heading av-special-heading-h4  blockquote modern-quote  avia-builder-el-13  el_after_av_image  el_before_av_textblock  '><h4 class='av-special-heading-tag '  itemprop=\"headline\"  >CS 539\/12<\/h4><div class='special-heading-border'><div class='special-heading-inner-border' ><\/div><\/div><\/div><br \/>\n<section class=\"av_textblock_section \"  itemscope=\"itemscope\" itemtype=\"https:\/\/schema.org\/CreativeWork\" ><div class='avia_textblock  '   itemprop=\"text\" ><p><a href=\"https:\/\/rubikontext.hu\/wp-content\/uploads\/2020\/10\/CS_539_12_1_4.pdf\">Spare parts catalogue 1 (pdf)<\/a><br \/>\n<a href=\"https:\/\/rubikontext.hu\/wp-content\/uploads\/2020\/10\/CS_539_4_4.pdf\">Spare parts catalogue 2 (pdf)<\/a><\/p>\n<\/div><\/section><\/p><\/div><div class=\"flex_column av_one_fourth  no_margin av-break-at-tablet flex_column_table_cell av-equal-height-column av-align-top   avia-builder-el-15  el_after_av_one_fourth  el_before_av_one_fourth  \" style='background: #f2f2f2; padding:30px; background-color:#f2f2f2; border-radius:0px; '><p><div  class='avia-image-container  av-styling-    avia-builder-el-16  el_before_av_heading  avia-builder-el-first  avia-align-center '  itemprop=\"image\" itemscope=\"itemscope\" itemtype=\"https:\/\/schema.org\/ImageObject\"  ><div class='avia-image-container-inner'><div class='avia-image-overlay-wrap'><img decoding=\"async\" class='wp-image-449 avia-img-lazy-loading-not-449 avia_image' src=\"https:\/\/rubikontext.hu\/wp-content\/uploads\/2020\/10\/cs-539-15.jpg\" alt='CS 539\/15 k\u00f6rk\u00e9ses szab\u00e1szg\u00e9p. Rubikon Text Kft., S\u00e1rospatak' title='CS 539\/15 k\u00f6rk\u00e9ses szab\u00e1szg\u00e9p. Rubikon Text Kft., S\u00e1rospatak' height=\"259\" width=\"178\"  itemprop=\"thumbnailUrl\"  \/><\/div><\/div><\/div><br \/>\n<div  style='padding-bottom:0px; ' class='av-special-heading av-special-heading-h4  blockquote modern-quote  avia-builder-el-17  el_after_av_image  el_before_av_textblock  '><h4 class='av-special-heading-tag '  itemprop=\"headline\"  >CS 539\/15<\/h4><div class='special-heading-border'><div class='special-heading-inner-border' ><\/div><\/div><\/div><br \/>\n<section class=\"av_textblock_section \"  itemscope=\"itemscope\" itemtype=\"https:\/\/schema.org\/CreativeWork\" ><div class='avia_textblock  '   itemprop=\"text\" ><p><a href=\"https:\/\/rubikontext.hu\/wp-content\/uploads\/2020\/10\/CS_539_15_2_4.pdf\">Spare parts catalogue 1 (pdf)<\/a><br \/>\n<a href=\"https:\/\/rubikontext.hu\/wp-content\/uploads\/2020\/10\/CS_539_4_4.pdf\">Spare parts catalogue 2 (pdf)<\/a><\/p>\n<\/div><\/section><\/p><\/div><div class=\"flex_column av_one_fourth  no_margin av-break-at-tablet flex_column_table_cell av-equal-height-column av-align-top   avia-builder-el-19  el_after_av_one_fourth  avia-builder-el-last  \" style='background: #f2f2f2; padding:30px; background-color:#f2f2f2; border-radius:0px; '><p><div  class='avia-image-container  av-styling-    avia-builder-el-20  el_before_av_heading  avia-builder-el-first  avia-align-center '  itemprop=\"image\" itemscope=\"itemscope\" itemtype=\"https:\/\/schema.org\/ImageObject\"  ><div class='avia-image-container-inner'><div class='avia-image-overlay-wrap'><img decoding=\"async\" class='wp-image-450 avia-img-lazy-loading-not-450 avia_image' src=\"https:\/\/rubikontext.hu\/wp-content\/uploads\/2020\/10\/cs-539-20.jpg\" alt='CS 539\/20 k\u00f6rk\u00e9ses szab\u00e1szg\u00e9p. Rubikon Text Kft., S\u00e1rospatak' title='CS 539\/20 k\u00f6rk\u00e9ses szab\u00e1szg\u00e9p. Rubikon Text Kft., S\u00e1rospatak' height=\"259\" width=\"180\"  itemprop=\"thumbnailUrl\"  \/><\/div><\/div><\/div><br \/>\n<div  style='padding-bottom:0px; ' class='av-special-heading av-special-heading-h4  blockquote modern-quote  avia-builder-el-21  el_after_av_image  el_before_av_textblock  '><h4 class='av-special-heading-tag '  itemprop=\"headline\"  >CS 539\/20<\/h4><div class='special-heading-border'><div class='special-heading-inner-border' ><\/div><\/div><\/div><br \/>\n<section class=\"av_textblock_section \"  itemscope=\"itemscope\" itemtype=\"https:\/\/schema.org\/CreativeWork\" ><div class='avia_textblock  '   itemprop=\"text\" ><p><a href=\"https:\/\/rubikontext.hu\/wp-content\/uploads\/2020\/10\/CS_539_20_3_4.pdf\">Spare parts catalogue 1 (pdf)<\/a><br \/>\n<a href=\"https:\/\/rubikontext.hu\/wp-content\/uploads\/2020\/10\/CS_539_4_4.pdf\">Spare parts catalogue 2 (pdf)<\/a><\/p>\n<\/div><\/section><\/p><\/div><\/div><!--close column table wrapper. Autoclose: 1 -->\n\n<\/div><\/div><\/div><!-- close content main div --><\/div><\/div><div id='content'  class='avia-section main_color avia-section-no-padding avia-no-border-styling  avia-bg-style-scroll  avia-builder-el-23  el_after_av_section  el_before_av_section   container_wrap fullsize' style=' '  ><div class='container' ><div class='template-page content  av-content-full alpha units'><div class='post-entry post-entry-type-page post-entry-1019'><div class='entry-content-wrapper clearfix'>\n<div class='flex_column_table av-equal-height-column-flextable av-break-at-tablet-flextable' ><div class=\"flex_column av_three_fifth  av-break-at-tablet flex_column_table_cell av-equal-height-column av-align-top av-zero-column-padding first  avia-builder-el-24  el_before_av_two_fifth  avia-builder-el-first  \" style='border-radius:0px; '><section class=\"av_textblock_section \"  itemscope=\"itemscope\" itemtype=\"https:\/\/schema.org\/CreativeWork\" ><div class='avia_textblock  '   itemprop=\"text\" ><p>The round knife cutting machine serial type Cs 539 has been developed mainly for the textile industry to cut knitted and woven fabrics, linings, etc., but can be used also for other materials like nonwovens, plastics, carpets, films, artificial leathers, foams.<\/p>\n<p>This machine works very well when cutting slippery materials since the even, smooth rotation of the round knife does not cause slipping apart of the layers which can happen when using straight knife cutting machines. In case of harder or sticky materials and especially for high lays consisting of many layers this machine is available to cut along straight or flat curved lines to avoid the difference of pieces coming from the lower and upper layers.<\/p>\n<p>Sharpening of the round knife is executed mechanically.<\/p>\n<\/div><\/section><\/div><div class='av-flex-placeholder'><\/div><div class=\"flex_column av_two_fifth  av-break-at-tablet flex_column_table_cell av-equal-height-column av-align-top av-zero-column-padding   avia-builder-el-26  el_after_av_three_fifth  avia-builder-el-last  \" style='border-radius:0px; '><\/div><\/div><!--close column table wrapper. Autoclose: 1 --><\/div><\/div><\/div><!-- close content main div --><\/div><\/div><div id='av_section_5'  class='avia-section main_color avia-section-default avia-no-border-styling  avia-full-stretch av-parallax-section avia-bg-style-parallax  avia-builder-el-27  el_after_av_section  el_before_av_section  heading-separator-desktop  av-medium-hide av-small-hide av-mini-hide av-minimum-height av-minimum-height-25  container_wrap fullsize' style=' '  data-section-bg-repeat='stretch' data-av_minimum_height_pc='25'><div class='av-parallax' data-avia-parallax-ratio='0.3' ><div class='av-parallax-inner main_color  avia-full-stretch' style = 'background-repeat: no-repeat; background-image: url(https:\/\/rubikontext.hu\/wp-content\/uploads\/2020\/11\/htr-02.jpg);background-attachment: scroll; background-position: center center; ' ><\/div><\/div><div class='container' ><div class='template-page content  av-content-full alpha units'><div class='post-entry post-entry-type-page post-entry-1019'><div class='entry-content-wrapper clearfix'>\n<div  style='padding-bottom:10px; ' class='av-special-heading av-special-heading-h2  blockquote modern-quote  avia-builder-el-28  avia-builder-el-no-sibling  '><h2 class='av-special-heading-tag '  itemprop=\"headline\"  >Finished Products<\/h2><div class='special-heading-border'><div class='special-heading-inner-border' ><\/div><\/div><\/div>\n<\/p>\n<\/div><\/div><\/div><!-- close content main div --><\/div><\/div><div id='av_section_6'  class='avia-section main_color avia-section-default avia-no-border-styling  avia-full-stretch avia-bg-style-scroll  avia-builder-el-29  el_after_av_section  el_before_av_section  heading-separator-mobil  av-desktop-hide av-minimum-height av-minimum-height-25  container_wrap fullsize' style='background-repeat: no-repeat; background-image: url(https:\/\/rubikontext.hu\/wp-content\/uploads\/2020\/11\/htr-02.jpg);background-attachment: scroll; background-position: center center;  '  data-section-bg-repeat='stretch' data-av_minimum_height_pc='25'><div class='container' ><div class='template-page content  av-content-full alpha units'><div class='post-entry post-entry-type-page post-entry-1019'><div class='entry-content-wrapper clearfix'>\n<div  style='padding-bottom:10px; ' class='av-special-heading av-special-heading-h2  blockquote modern-quote  avia-builder-el-30  avia-builder-el-no-sibling  '><h2 class='av-special-heading-tag '  itemprop=\"headline\"  >Finished Products<\/h2><div class='special-heading-border'><div class='special-heading-inner-border' ><\/div><\/div><\/div>\n\n<\/div><\/div><\/div><!-- close content main div --><\/div><\/div><div id='products-content'  class='avia-section main_color avia-section-default avia-no-border-styling  avia-bg-style-scroll  avia-builder-el-31  el_after_av_section  el_before_av_section   container_wrap fullsize' style=' '  ><div class='container' ><div class='template-page content  av-content-full alpha units'><div class='post-entry post-entry-type-page post-entry-1019'><div class='entry-content-wrapper clearfix'>\n<div class='flex_column_table av-equal-height-column-flextable -flextable' ><div class=\"flex_column av_one_third  flex_column_table_cell av-equal-height-column av-align-top av-zero-column-padding avia-link-column av-column-link avia-link-column-hover first  avia-builder-el-32  el_before_av_one_third  avia-builder-el-first  \" style='border-radius:0px; ' data-link-column-url=\"https:\/\/rubikontext.hu\/termekek\/korkeses-szabaszgepek\/\" ><a class=\"av-screen-reader-only\" href=https:\/\/rubikontext.hu\/termekek\/korkeses-szabaszgepek\/  title=\"K\u00f6rk\u00e9ses szab\u00e1szg\u00e9pek\">Link to: K\u00f6rk\u00e9ses szab\u00e1szg\u00e9pek<\/a><p><div  style='padding-bottom:0px; ' class='av-special-heading av-special-heading-h3  blockquote modern-quote  avia-builder-el-33  el_before_av_textblock  avia-builder-el-first  '><h3 class='av-special-heading-tag '  itemprop=\"headline\"  >Cutting Machines CS 532<\/h3><div class='special-heading-border'><div class='special-heading-inner-border' ><\/div><\/div><\/div><br \/>\n<section class=\"av_textblock_section \"  itemscope=\"itemscope\" itemtype=\"https:\/\/schema.org\/CreativeWork\" ><div class='avia_textblock rubicon-prod-desc '   itemprop=\"text\" ><p>The round knife cutting machine serial type Cs 539 has been developed mainly for the textile industry to cut knitted and woven fabrics, linings, etc., but can be used also for other materials like nonwovens, plastics, carpets, films, artificial leathers, foams.<\/p>\n<p><a href=\"https:\/\/rubikontext.hu\/en\/products\/cutting-machines-cs-532\/\">Read More<\/a><\/p>\n<\/div><\/section><\/p><\/div><div class='av-flex-placeholder'><\/div><div class=\"flex_column av_one_third  flex_column_table_cell av-equal-height-column av-align-top av-zero-column-padding avia-link-column av-column-link avia-link-column-hover   avia-builder-el-35  el_after_av_one_third  el_before_av_one_third  \" style='border-radius:0px; ' data-link-column-url=\"https:\/\/rubikontext.hu\/termekek\/kardkeses-szabaszgepek\/\" ><a class=\"av-screen-reader-only\" href=https:\/\/rubikontext.hu\/termekek\/kardkeses-szabaszgepek\/  title=\"Kardk\u00e9ses szab\u00e1szg\u00e9pek\" alt=\"Kardk\u00e9ses szab\u00e1szg\u00e9pek\">Link to: Kardk\u00e9ses szab\u00e1szg\u00e9pek<\/a><p><div  style='padding-bottom:0px; ' class='av-special-heading av-special-heading-h3  blockquote modern-quote  avia-builder-el-36  el_before_av_textblock  avia-builder-el-first  '><h3 class='av-special-heading-tag '  itemprop=\"headline\"  >Cutting Machines CS 539<\/h3><div class='special-heading-border'><div class='special-heading-inner-border' ><\/div><\/div><\/div><br \/>\n<section class=\"av_textblock_section \"  itemscope=\"itemscope\" itemtype=\"https:\/\/schema.org\/CreativeWork\" ><div class='avia_textblock rubicon-prod-desc '   itemprop=\"text\" ><p>The straight knife cutting machine serial type Cs 532 has been developed mainly for the clothing industry for partition of lays and to cut out precisely larger pieces, but these machines can be used also by upholsterers or in leathercraft.<\/p>\n<p><a href=\"https:\/\/rubikontext.hu\/en\/products\/cutting-machines-cs-539\/\">Read More<\/a><\/p>\n<\/div><\/section><\/p><\/div><div class='av-flex-placeholder'><\/div><div class=\"flex_column av_one_third  flex_column_table_cell av-equal-height-column av-align-top av-zero-column-padding avia-link-column av-column-link avia-link-column-hover   avia-builder-el-38  el_after_av_one_third  avia-builder-el-last  \" style='border-radius:0px; ' data-link-column-url=\"https:\/\/rubikontext.hu\/termekek\/veglevago-szabasz-asztal\/\" ><a class=\"av-screen-reader-only\" href=https:\/\/rubikontext.hu\/termekek\/veglevago-szabasz-asztal\/  title=\"V\u00e9glev\u00e1g\u00f3, szab\u00e1sz asztal\" alt=\"V\u00e9glev\u00e1g\u00f3, szab\u00e1sz asztal\">Link to: V\u00e9glev\u00e1g\u00f3, szab\u00e1sz asztal<\/a><p><div  style='padding-bottom:0px; ' class='av-special-heading av-special-heading-h3  blockquote modern-quote  avia-builder-el-39  el_before_av_textblock  avia-builder-el-first  '><h3 class='av-special-heading-tag '  itemprop=\"headline\"  >Lay Cutter Set<\/h3><div class='special-heading-border'><div class='special-heading-inner-border' ><\/div><\/div><\/div><br \/>\n<section class=\"av_textblock_section \"  itemscope=\"itemscope\" itemtype=\"https:\/\/schema.org\/CreativeWork\" ><div class='avia_textblock rubicon-prod-desc '   itemprop=\"text\" ><p>The cutting unit for fabric ends is available first of all for cutting of light weight, thin woven and knitted fabrics, linings, etc.<\/p>\n<p><a href=\"https:\/\/rubikontext.hu\/en\/products\/vla-539-lay-cutter-set\/\">Read More<\/a><\/p>\n<\/div><\/section><\/p><\/div><\/div><!--close column table wrapper. Autoclose: 1 --><\/div><\/div><\/div><!-- close content main div --><\/div><\/div><div id='social-bottom'  class='avia-section header_color avia-section-default avia-no-border-styling  avia-bg-style-scroll  avia-builder-el-41  el_after_av_section  avia-builder-el-last   container_wrap fullsize' style='background-color: #222222;  '  ><div class='container' ><div class='template-page content  av-content-full alpha units'><div class='post-entry post-entry-type-page post-entry-1019'><div class='entry-content-wrapper clearfix'>\n<div class='flex_column_table av-equal-height-column-flextable -flextable' ><div class=\"flex_column av_two_third  flex_column_table_cell av-equal-height-column av-align-middle av-zero-column-padding first  avia-builder-el-42  el_before_av_one_third  avia-builder-el-first  \" style='border-radius:0px; '><div  style='padding-bottom:0px; ' class='av-special-heading av-special-heading-h3  blockquote modern-quote  avia-builder-el-43  avia-builder-el-no-sibling  '><h3 class='av-special-heading-tag '  itemprop=\"headline\"  >Share<\/h3><div class='special-heading-border'><div class='special-heading-inner-border' ><\/div><\/div><\/div><\/div><div class='av-flex-placeholder'><\/div><div class=\"flex_column av_one_third  flex_column_table_cell av-equal-height-column av-align-middle av-zero-column-padding   avia-builder-el-44  el_after_av_two_third  avia-builder-el-last  \" style='border-radius:0px; '><div  class='av-social-sharing-box  avia-builder-el-45  avia-builder-el-no-sibling  '><div class='av-share-box'><ul class='av-share-box-list noLightbox'><li class='av-share-link av-social-link-facebook' ><a target=\"_blank\" aria-label=\"Share on Facebook\" href='https:\/\/www.facebook.com\/sharer.php?u=https:\/\/rubikontext.hu\/en\/products\/cutting-machines-cs-539\/&#038;t=Cutting%20Machines%20CS%20539' aria-hidden='false' data-av_icon='\ue8f3' data-av_iconfont='entypo-fontello' title='' data-avia-related-tooltip='Share on Facebook' rel=\"noopener\"><span class='avia_hidden_link_text'>Share on Facebook<\/span><\/a><\/li><li class='av-share-link av-social-link-twitter' ><a target=\"_blank\" aria-label=\"Share on Twitter\" href='https:\/\/twitter.com\/share?text=Cutting%20Machines%20CS%20539&#038;url=https:\/\/rubikontext.hu\/en\/?p=1019' aria-hidden='false' data-av_icon='\ue8f1' data-av_iconfont='entypo-fontello' title='' data-avia-related-tooltip='Share on Twitter' rel=\"noopener\"><span class='avia_hidden_link_text'>Share on Twitter<\/span><\/a><\/li><li class='av-share-link av-social-link-linkedin' ><a target=\"_blank\" aria-label=\"Share on LinkedIn\" href='https:\/\/linkedin.com\/shareArticle?mini=true&#038;title=Cutting%20Machines%20CS%20539&#038;url=https:\/\/rubikontext.hu\/en\/products\/cutting-machines-cs-539\/' aria-hidden='false' data-av_icon='\ue8fc' data-av_iconfont='entypo-fontello' title='' data-avia-related-tooltip='Share on LinkedIn' rel=\"noopener\"><span class='avia_hidden_link_text'>Share on LinkedIn<\/span><\/a><\/li><li class='av-share-link av-social-link-mail' ><a  aria-label=\"Share by Mail\" href='mailto:?subject=Cutting%20Machines%20CS%20539&#038;body=https:\/\/rubikontext.hu\/en\/products\/cutting-machines-cs-539\/' aria-hidden='false' data-av_icon='\ue805' data-av_iconfont='entypo-fontello' title='' data-avia-related-tooltip='Share by Mail'><span class='avia_hidden_link_text'>Share by Mail<\/span><\/a><\/li><\/ul><\/div><\/div><\/div><\/div><!--close column table wrapper. Autoclose: 1 -->\n<\/p>\n","protected":false},"excerpt":{"rendered":"","protected":false},"author":1,"featured_media":0,"parent":1012,"menu_order":0,"comment_status":"closed","ping_status":"closed","template":"","meta":{"footnotes":""},"_links":{"self":[{"href":"https:\/\/rubikontext.hu\/en\/wp-json\/wp\/v2\/pages\/1019"}],"collection":[{"href":"https:\/\/rubikontext.hu\/en\/wp-json\/wp\/v2\/pages"}],"about":[{"href":"https:\/\/rubikontext.hu\/en\/wp-json\/wp\/v2\/types\/page"}],"author":[{"embeddable":true,"href":"https:\/\/rubikontext.hu\/en\/wp-json\/wp\/v2\/users\/1"}],"replies":[{"embeddable":true,"href":"https:\/\/rubikontext.hu\/en\/wp-json\/wp\/v2\/comments?post=1019"}],"version-history":[{"count":4,"href":"https:\/\/rubikontext.hu\/en\/wp-json\/wp\/v2\/pages\/1019\/revisions"}],"predecessor-version":[{"id":1107,"href":"https:\/\/rubikontext.hu\/en\/wp-json\/wp\/v2\/pages\/1019\/revisions\/1107"}],"up":[{"embeddable":true,"href":"https:\/\/rubikontext.hu\/en\/wp-json\/wp\/v2\/pages\/1012"}],"wp:attachment":[{"href":"https:\/\/rubikontext.hu\/en\/wp-json\/wp\/v2\/media?parent=1019"}],"curies":[{"name":"wp","href":"https:\/\/api.w.org\/{rel}","templated":true}]}}