{"id":980,"date":"2020-11-01T18:51:30","date_gmt":"2020-11-01T18:51:30","guid":{"rendered":"https:\/\/rubikontext.hu\/producte\/veglevago-szabasz-asztal\/"},"modified":"2020-12-09T15:50:58","modified_gmt":"2020-12-09T15:50:58","slug":"zuschneidevorrichtung-stoffbahnen","status":"publish","type":"page","link":"https:\/\/rubikontext.hu\/de\/produkte\/zuschneidevorrichtung-stoffbahnen\/","title":{"rendered":"Zuschneidevorrichtung f\u00fcr Stoffbahnen"},"content":{"rendered":"<div id='hero-desktop'  class='avia-section main_color avia-section-default avia-no-border-styling  avia-full-stretch avia-bg-style-fixed  avia-builder-el-0  el_before_av_section  avia-builder-el-first   av-small-hide av-mini-hide av-minimum-height av-minimum-height-42  container_wrap fullsize' style='background-repeat: no-repeat; background-image: url(https:\/\/rubikontext.hu\/wp-content\/uploads\/2020\/11\/rubikontext-headers-06.jpg);background-attachment: fixed; background-position: center center;  '  data-section-bg-repeat='stretch' data-av_minimum_height_pc='42'><div class='container' ><main  role=\"main\" itemprop=\"mainContentOfPage\"  class='template-page content  av-content-full alpha units'><div class='post-entry post-entry-type-page post-entry-980'><div class='entry-content-wrapper clearfix'>\n<div class=\"flex_column av_one_full  av-animated-generic fade-in  flex_column_div av-zero-column-padding first  avia-builder-el-1  avia-builder-el-no-sibling  \" style='border-radius:0px; '><div  style='padding-bottom:0px; ' class='av-special-heading av-special-heading-h1  blockquote modern-quote  avia-builder-el-2  avia-builder-el-no-sibling  '><h1 class='av-special-heading-tag '  itemprop=\"headline\"  >Zuschneidevorrichtung f\u00fcr Stoffbahnen<\/h1><div class ='av-subheading av-subheading_below  ' style='font-size:15px;'><p>VLA 539<\/p>\n<\/div><div class='special-heading-border'><div class='special-heading-inner-border' ><\/div><\/div><\/div><\/div>\n\n<\/div><\/div><\/main><!-- close content main element --><\/div><\/div><div id='hero-mobil'  class='avia-section main_color avia-section-small avia-no-border-styling  avia-full-stretch avia-bg-style-scroll  avia-builder-el-3  el_after_av_section  el_before_av_section   av-desktop-hide av-medium-hide av-minimum-height av-minimum-height-36  container_wrap fullsize' style='background-repeat: no-repeat; background-image: url(https:\/\/rubikontext.hu\/wp-content\/uploads\/2020\/11\/rubikontext-headers-06.jpg);background-attachment: scroll; background-position: center center;  '  data-section-bg-repeat='stretch' data-av_minimum_height_pc='36'><div class='container' ><div class='template-page content  av-content-full alpha units'><div class='post-entry post-entry-type-page post-entry-980'><div class='entry-content-wrapper clearfix'>\n<div class=\"flex_column av_one_full  av-animated-generic fade-in  flex_column_div av-zero-column-padding first  avia-builder-el-4  avia-builder-el-no-sibling  \" style='border-radius:0px; '><div  style='padding-bottom:0px; ' class='av-special-heading av-special-heading-h1  blockquote modern-quote  avia-builder-el-5  avia-builder-el-no-sibling  '><h1 class='av-special-heading-tag '  itemprop=\"headline\"  >Zuschneidevorrichtung f\u00fcr Stoffbahnen<\/h1><div class ='av-subheading av-subheading_below  ' style='font-size:15px;'><p>VLA 539<\/p>\n<\/div><div class='special-heading-border'><div class='special-heading-inner-border' ><\/div><\/div><\/div><\/div>\n\n<\/div><\/div><\/div><!-- close content main div --><\/div><\/div><div id='catalogues'  class='avia-section main_color avia-section-default avia-no-border-styling  avia-bg-style-scroll  avia-builder-el-6  el_after_av_section  el_before_av_section   container_wrap fullsize' style=' '  ><div class='container' ><div class='template-page content  av-content-full alpha units'><div class='post-entry post-entry-type-page post-entry-980'><div class='entry-content-wrapper clearfix'>\n<div class='flex_column_table av-equal-height-column-flextable av-break-at-tablet-flextable' ><div class=\"flex_column av_two_third  av-break-at-tablet flex_column_table_cell av-equal-height-column av-align-top first  avia-builder-el-7  el_before_av_one_third  avia-builder-el-first  \" style='padding:0px 0px 0px 30px ; border-radius:0px; '><p><section class=\"av_textblock_section \"  itemscope=\"itemscope\" itemtype=\"https:\/\/schema.org\/CreativeWork\" ><div class='avia_textblock  '   itemprop=\"text\" ><p>Das Zuschneideger\u00e4t f\u00fcr Stoffbahnen eignet sich in erster Linie f\u00fcr das Zuschneiden von leichten, d\u00fcnnen Webstoffen, Gewirken, Futterstoffen usw.<br \/>\nDie Einrichtung besteht aus drei Hauptteilen:<br \/>\n\u2013 Hebe- und Schneideapparat,<br \/>\n\u2013 Endf\u00e4nger,<br \/>\n\u2013 Abwickelvorrichtung.<br \/>\nDie manuell zu bet\u00e4tigende Hebeeinrichtung ist leicht zu bedienen, zwei Hebeh\u00f6hen k\u00f6nnen fest verriegelt eingestellt werden. Die Befestigungselemente sind an die jeweiligen Tischma\u00dfe angepasst, insofern m\u00fcssen die Tischma\u00dfe bei der Bestellung angegeben werden, insofern die Einrichtung auf einen vorhandenen Legetisch aufmontiert wird. Der Stoff wird mittels einer manuell gef\u00fchrten Rundmessermaschine zugeschnitten, die in einer Schiene l\u00e4uft und \u00fcber einen verl\u00e4ngerten Handgriff verf\u00fcgt. Die Rundmessermaschine schaltet sich durch einen Mikroschalter automatisch ein und aus.<\/p>\n<p>Ein Stoffrollengestell dient dem Abwickeln des zuzuschneidenden Stoffes. Die Achse mit der Stoffrolle sitzt auf Rollen. Die Abwickelgeschwindigkeit l\u00e4sst sich mittels einer Bremse regulieren. Die Befestigungselemente sind an die jeweiligen Tischma\u00dfe angepasst. Das Rollengestell kann drehbar ausgef\u00fchrt werden, damit sich die Stoffrolle umdrehen bzw. der Stoff von beiden Seiten auflegen l\u00e4sst.<\/p>\n<p>Die Schneideeinrichtung f\u00fcr Stoffbahnen kann zusammen mit dem Zuschneidetisch bestellt werden. Dieser Tisch ist 2000 mm breit und seine L\u00e4nge kann aus 1000 mm langen Modulen beliebig gew\u00e4hlt werden. Die Tischplatte ist auf einem steifen Metallgestell befestigt. Auch Sondergr\u00f6\u00dfen sind erh\u00e4ltlich.<\/p>\n<ul>\n<li><strong>Spannung:<\/strong> 240 V<\/li>\n<li><strong>Leistungsaufnahme:<\/strong> 130 W<\/li>\n<li><strong>Messerdurchmesser:<\/strong> 100 mm<\/li>\n<li><strong>Schneidegeschwindigkeit:<\/strong> 2.4 m\/s<\/li>\n<li><strong>Maximale Legeh\u00f6he:<\/strong> 300 mm<\/li>\n<\/ul>\n<\/div><\/section><br \/>\n<div  style='height:50px' class='hr hr-invisible   avia-builder-el-9  el_after_av_textblock  avia-builder-el-last '><span class='hr-inner ' ><span class='hr-inner-style'><\/span><\/span><\/div><\/p><\/div><div class='av-flex-placeholder'><\/div><div class=\"flex_column av_one_third  av-break-at-tablet flex_column_table_cell av-equal-height-column av-align-top av-zero-column-padding   avia-builder-el-10  el_after_av_two_third  avia-builder-el-last  \" style='border-radius:0px; '><p><section class=\"av_textblock_section \"  itemscope=\"itemscope\" itemtype=\"https:\/\/schema.org\/CreativeWork\" ><div class='avia_textblock  '   itemprop=\"text\" ><div id=\"attachment_851\" style=\"width: 266px\" class=\"wp-caption alignnone\"><img loading=\"lazy\" decoding=\"async\" aria-describedby=\"caption-attachment-851\" class=\"size-full wp-image-851\" src=\"https:\/\/rubikontext.hu\/wp-content\/uploads\/2020\/11\/vla-539.jpg\" alt=\"VLA 539 Endabschneider\" width=\"256\" height=\"200\" \/><p id=\"caption-attachment-851\" class=\"wp-caption-text\">VLA 539 Endabschneider<\/p><\/div>\n<\/div><\/section><br \/>\n<section class=\"av_textblock_section \"  itemscope=\"itemscope\" itemtype=\"https:\/\/schema.org\/CreativeWork\" ><div class='avia_textblock  '   itemprop=\"text\" ><div id=\"attachment_852\" style=\"width: 277px\" class=\"wp-caption alignnone\"><img loading=\"lazy\" decoding=\"async\" aria-describedby=\"caption-attachment-852\" class=\"size-full wp-image-852\" src=\"https:\/\/rubikontext.hu\/wp-content\/uploads\/2020\/11\/szabaszasztal.jpg\" alt=\"Legetisch\" width=\"267\" height=\"200\" \/><p id=\"caption-attachment-852\" class=\"wp-caption-text\">Legetisch<\/p><\/div>\n<\/div><\/section><\/p><\/div><\/div><!--close column table wrapper. Autoclose: 1 -->\n\n<\/div><\/div><\/div><!-- close content main div --><\/div><\/div><div id='av_section_4'  class='avia-section main_color avia-section-default avia-no-border-styling  avia-full-stretch av-parallax-section avia-bg-style-parallax  avia-builder-el-13  el_after_av_section  el_before_av_section  heading-separator-desktop  av-medium-hide av-small-hide av-mini-hide av-minimum-height av-minimum-height-25  container_wrap fullsize' style=' '  data-section-bg-repeat='stretch' data-av_minimum_height_pc='25'><div class='av-parallax' data-avia-parallax-ratio='0.3' ><div class='av-parallax-inner main_color  avia-full-stretch' style = 'background-repeat: no-repeat; background-image: url(https:\/\/rubikontext.hu\/wp-content\/uploads\/2020\/11\/htr-02.jpg);background-attachment: scroll; background-position: center center; ' ><\/div><\/div><div class='container' ><div class='template-page content  av-content-full alpha units'><div class='post-entry post-entry-type-page post-entry-980'><div class='entry-content-wrapper clearfix'>\n<div  style='padding-bottom:10px; ' class='av-special-heading av-special-heading-h2  blockquote modern-quote  avia-builder-el-14  avia-builder-el-no-sibling  '><h2 class='av-special-heading-tag '  itemprop=\"headline\"  >Eigene Fertigprodukte<\/h2><div class='special-heading-border'><div class='special-heading-inner-border' ><\/div><\/div><\/div>\n\n<\/div><\/div><\/div><!-- close content main div --><\/div><\/div><div id='av_section_5'  class='avia-section main_color avia-section-default avia-no-border-styling  avia-full-stretch avia-bg-style-scroll  avia-builder-el-15  el_after_av_section  el_before_av_section  heading-separator-mobil  av-desktop-hide av-minimum-height av-minimum-height-25  container_wrap fullsize' style='background-repeat: no-repeat; background-image: url(https:\/\/rubikontext.hu\/wp-content\/uploads\/2020\/11\/htr-02.jpg);background-attachment: scroll; background-position: center center;  '  data-section-bg-repeat='stretch' data-av_minimum_height_pc='25'><div class='container' ><div class='template-page content  av-content-full alpha units'><div class='post-entry post-entry-type-page post-entry-980'><div class='entry-content-wrapper clearfix'>\n<div  style='padding-bottom:10px; ' class='av-special-heading av-special-heading-h2  blockquote modern-quote  avia-builder-el-16  avia-builder-el-no-sibling  '><h2 class='av-special-heading-tag '  itemprop=\"headline\"  >Eigene Fertigprodukte<\/h2><div class='special-heading-border'><div class='special-heading-inner-border' ><\/div><\/div><\/div>\n\n<\/div><\/div><\/div><!-- close content main div --><\/div><\/div><div id='products-content'  class='avia-section main_color avia-section-default avia-no-border-styling  avia-bg-style-scroll  avia-builder-el-17  el_after_av_section  el_before_av_section   container_wrap fullsize' style=' '  ><div class='container' ><div class='template-page content  av-content-full alpha units'><div class='post-entry post-entry-type-page post-entry-980'><div class='entry-content-wrapper clearfix'>\n<div class='flex_column_table av-equal-height-column-flextable -flextable' ><div class=\"flex_column av_one_third  flex_column_table_cell av-equal-height-column av-align-top av-zero-column-padding avia-link-column av-column-link avia-link-column-hover first  avia-builder-el-18  el_before_av_one_third  avia-builder-el-first  \" style='border-radius:0px; ' data-link-column-url=\"https:\/\/rubikontext.hu\/termekek\/korkeses-szabaszgepek\/\" ><a class=\"av-screen-reader-only\" href=https:\/\/rubikontext.hu\/termekek\/korkeses-szabaszgepek\/  title=\"K\u00f6rk\u00e9ses szab\u00e1szg\u00e9pek\">Link zu: K\u00f6rk\u00e9ses szab\u00e1szg\u00e9pek<\/a><p><div  style='padding-bottom:0px; ' class='av-special-heading av-special-heading-h3  blockquote modern-quote  avia-builder-el-19  el_before_av_textblock  avia-builder-el-first  '><h3 class='av-special-heading-tag '  itemprop=\"headline\"  >Rundmesser-Zuschneidemaschinen<\/h3><div class='special-heading-border'><div class='special-heading-inner-border' ><\/div><\/div><\/div><br \/>\n<section class=\"av_textblock_section \"  itemscope=\"itemscope\" itemtype=\"https:\/\/schema.org\/CreativeWork\" ><div class='avia_textblock rubicon-prod-desc '   itemprop=\"text\" ><p>Die Rundmessermaschinen Typ Cs 539 wurden in erster Linie f\u00fcr die Zuschneidereien der Textilindustrie zum Schneiden von Strick- und Wirkwaren, Geweben, Futterstoffen usw. entwickelt, sie k\u00f6nnen aber auch zum Zuschneiden sonstiger Materialien wie z. B. Nonvowens, Kunststoffmaterialien, Teppiche, Folien, Kunstleder oder Schaumstoffe verwendet werden.<\/p>\n<p><a href=\"https:\/\/rubikontext.hu\/de\/produkte\/rund-zuschneidemaschinen\/\">Details<\/a><\/p>\n<\/div><\/section><\/p><\/div><div class='av-flex-placeholder'><\/div><div class=\"flex_column av_one_third  flex_column_table_cell av-equal-height-column av-align-top av-zero-column-padding avia-link-column av-column-link avia-link-column-hover   avia-builder-el-21  el_after_av_one_third  el_before_av_one_third  \" style='border-radius:0px; ' data-link-column-url=\"https:\/\/rubikontext.hu\/termekek\/kardkeses-szabaszgepek\/\" ><a class=\"av-screen-reader-only\" href=https:\/\/rubikontext.hu\/termekek\/kardkeses-szabaszgepek\/  title=\"Kardk\u00e9ses szab\u00e1szg\u00e9pek\" alt=\"Kardk\u00e9ses szab\u00e1szg\u00e9pek\">Link zu: Kardk\u00e9ses szab\u00e1szg\u00e9pek<\/a><p><div  style='padding-bottom:0px; ' class='av-special-heading av-special-heading-h3  blockquote modern-quote  avia-builder-el-22  el_before_av_textblock  avia-builder-el-first  '><h3 class='av-special-heading-tag '  itemprop=\"headline\"  >Vertikalmesser-Zuschneidemaschinen<\/h3><div class='special-heading-border'><div class='special-heading-inner-border' ><\/div><\/div><\/div><br \/>\n<section class=\"av_textblock_section \"  itemscope=\"itemscope\" itemtype=\"https:\/\/schema.org\/CreativeWork\" ><div class='avia_textblock rubicon-prod-desc '   itemprop=\"text\" ><p><span lang=\"DE\">Die Vertikalmesser-Zuschneider Typ Cs 532 wurden in erster Linie f\u00fcr die Textilindustrie zum Zuschneiden von Lagen und das genaue Ausschneiden gr\u00f6\u00dferer St\u00fccke entwickelt, die Maschinen k\u00f6nnen aber auch f\u00fcr Polsterungen und Leder verwendet werden.<\/span><\/p>\n<p><a href=\"https:\/\/rubikontext.hu\/de\/produkte\/vertikal-zuschneidemaschinen\/\">Details<\/a><\/p>\n<\/div><\/section><\/p><\/div><div class='av-flex-placeholder'><\/div><div class=\"flex_column av_one_third  flex_column_table_cell av-equal-height-column av-align-top av-zero-column-padding avia-link-column av-column-link avia-link-column-hover   avia-builder-el-24  el_after_av_one_third  avia-builder-el-last  \" style='border-radius:0px; ' data-link-column-url=\"https:\/\/rubikontext.hu\/termekek\/veglevago-szabasz-asztal\/\" ><a class=\"av-screen-reader-only\" href=https:\/\/rubikontext.hu\/termekek\/veglevago-szabasz-asztal\/  title=\"V\u00e9glev\u00e1g\u00f3, szab\u00e1sz asztal\" alt=\"V\u00e9glev\u00e1g\u00f3, szab\u00e1sz asztal\">Link zu: V\u00e9glev\u00e1g\u00f3, szab\u00e1sz asztal<\/a><p><div  style='padding-bottom:0px; ' class='av-special-heading av-special-heading-h3  blockquote modern-quote  avia-builder-el-25  el_before_av_textblock  avia-builder-el-first  '><h3 class='av-special-heading-tag '  itemprop=\"headline\"  >Zuschneidevorrichtung f\u00fcr Stoffbahnen<\/h3><div class='special-heading-border'><div class='special-heading-inner-border' ><\/div><\/div><\/div><br \/>\n<section class=\"av_textblock_section \"  itemscope=\"itemscope\" itemtype=\"https:\/\/schema.org\/CreativeWork\" ><div class='avia_textblock rubicon-prod-desc '   itemprop=\"text\" ><p>Die Zuschneidevorrichtung f\u00fcr Stoffbahnen eignet sich in erster Linie f\u00fcr das Zuschneiden von leichten, d\u00fcnnen Webstoffen, Gewirken, Futterstoffen usw.<\/p>\n<p><a href=\"https:\/\/rubikontext.hu\/de\/produkte\/zuschneidevorrichtung-stoffbahnen\/\">Details<\/a><\/p>\n<\/div><\/section><\/p><\/div><\/div><!--close column table wrapper. Autoclose: 1 --><\/div><\/div><\/div><!-- close content main div --><\/div><\/div><div id='social-bottom'  class='avia-section header_color avia-section-default avia-no-border-styling  avia-bg-style-scroll  avia-builder-el-27  el_after_av_section  avia-builder-el-last   container_wrap fullsize' style='background-color: #222222;  '  ><div class='container' ><div class='template-page content  av-content-full alpha units'><div class='post-entry post-entry-type-page post-entry-980'><div class='entry-content-wrapper clearfix'>\n<div class='flex_column_table av-equal-height-column-flextable -flextable' ><div class=\"flex_column av_two_third  flex_column_table_cell av-equal-height-column av-align-middle av-zero-column-padding first  avia-builder-el-28  el_before_av_one_third  avia-builder-el-first  \" style='border-radius:0px; '><div  style='padding-bottom:0px; ' class='av-special-heading av-special-heading-h3  blockquote modern-quote  avia-builder-el-29  avia-builder-el-no-sibling  '><h3 class='av-special-heading-tag '  itemprop=\"headline\"  >Weitergeben<\/h3><div class='special-heading-border'><div class='special-heading-inner-border' ><\/div><\/div><\/div><\/div><div class='av-flex-placeholder'><\/div><div class=\"flex_column av_one_third  flex_column_table_cell av-equal-height-column av-align-middle av-zero-column-padding   avia-builder-el-30  el_after_av_two_third  avia-builder-el-last  \" style='border-radius:0px; '><div  class='av-social-sharing-box  avia-builder-el-31  avia-builder-el-no-sibling  '><div class='av-share-box'><ul class='av-share-box-list noLightbox'><li class='av-share-link av-social-link-facebook' ><a target=\"_blank\" aria-label=\"Teilen auf Facebook\" href='https:\/\/www.facebook.com\/sharer.php?u=https:\/\/rubikontext.hu\/de\/produkte\/zuschneidevorrichtung-stoffbahnen\/&#038;t=Zuschneidevorrichtung%20f%C3%BCr%20Stoffbahnen' aria-hidden='false' data-av_icon='\ue8f3' data-av_iconfont='entypo-fontello' title='' data-avia-related-tooltip='Teilen auf Facebook' rel=\"noopener\"><span class='avia_hidden_link_text'>Teilen auf Facebook<\/span><\/a><\/li><li class='av-share-link av-social-link-twitter' ><a target=\"_blank\" aria-label=\"Teilen auf Twitter\" href='https:\/\/twitter.com\/share?text=Zuschneidevorrichtung%20f%C3%BCr%20Stoffbahnen&#038;url=https:\/\/rubikontext.hu\/de\/?p=980' aria-hidden='false' data-av_icon='\ue8f1' data-av_iconfont='entypo-fontello' title='' data-avia-related-tooltip='Teilen auf Twitter' rel=\"noopener\"><span class='avia_hidden_link_text'>Teilen auf Twitter<\/span><\/a><\/li><li class='av-share-link av-social-link-linkedin' ><a target=\"_blank\" aria-label=\"Teilen auf LinkedIn\" href='https:\/\/linkedin.com\/shareArticle?mini=true&#038;title=Zuschneidevorrichtung%20f%C3%BCr%20Stoffbahnen&#038;url=https:\/\/rubikontext.hu\/de\/produkte\/zuschneidevorrichtung-stoffbahnen\/' aria-hidden='false' data-av_icon='\ue8fc' data-av_iconfont='entypo-fontello' title='' data-avia-related-tooltip='Teilen auf LinkedIn' rel=\"noopener\"><span class='avia_hidden_link_text'>Teilen auf LinkedIn<\/span><\/a><\/li><li class='av-share-link av-social-link-mail' ><a  aria-label=\"Per E-Mail teilen\" href='mailto:?subject=Zuschneidevorrichtung%20f%C3%BCr%20Stoffbahnen&#038;body=https:\/\/rubikontext.hu\/de\/produkte\/zuschneidevorrichtung-stoffbahnen\/' aria-hidden='false' data-av_icon='\ue805' data-av_iconfont='entypo-fontello' title='' data-avia-related-tooltip='Per E-Mail teilen'><span class='avia_hidden_link_text'>Per E-Mail teilen<\/span><\/a><\/li><\/ul><\/div><\/div><\/div><\/div><!--close column table wrapper. Autoclose: 1 -->\n<\/p>\n","protected":false},"excerpt":{"rendered":"","protected":false},"author":1,"featured_media":0,"parent":931,"menu_order":0,"comment_status":"closed","ping_status":"closed","template":"","meta":{"footnotes":""},"_links":{"self":[{"href":"https:\/\/rubikontext.hu\/de\/wp-json\/wp\/v2\/pages\/980"}],"collection":[{"href":"https:\/\/rubikontext.hu\/de\/wp-json\/wp\/v2\/pages"}],"about":[{"href":"https:\/\/rubikontext.hu\/de\/wp-json\/wp\/v2\/types\/page"}],"author":[{"embeddable":true,"href":"https:\/\/rubikontext.hu\/de\/wp-json\/wp\/v2\/users\/1"}],"replies":[{"embeddable":true,"href":"https:\/\/rubikontext.hu\/de\/wp-json\/wp\/v2\/comments?post=980"}],"version-history":[{"count":4,"href":"https:\/\/rubikontext.hu\/de\/wp-json\/wp\/v2\/pages\/980\/revisions"}],"predecessor-version":[{"id":1101,"href":"https:\/\/rubikontext.hu\/de\/wp-json\/wp\/v2\/pages\/980\/revisions\/1101"}],"up":[{"embeddable":true,"href":"https:\/\/rubikontext.hu\/de\/wp-json\/wp\/v2\/pages\/931"}],"wp:attachment":[{"href":"https:\/\/rubikontext.hu\/de\/wp-json\/wp\/v2\/media?parent=980"}],"curies":[{"name":"wp","href":"https:\/\/api.w.org\/{rel}","templated":true}]}}