{"id":975,"date":"2020-10-27T10:12:22","date_gmt":"2020-10-27T10:12:22","guid":{"rendered":"https:\/\/rubikontext.hu\/producte\/kardkeses-szabaszgepek\/"},"modified":"2020-12-09T15:19:17","modified_gmt":"2020-12-09T15:19:17","slug":"vertikal-zuschneidemaschinen","status":"publish","type":"page","link":"https:\/\/rubikontext.hu\/de\/produkte\/vertikal-zuschneidemaschinen\/","title":{"rendered":"Vertikalmesser-Zuschneidemaschinen"},"content":{"rendered":"<div id='hero-desktop'  class='avia-section main_color avia-section-default avia-no-border-styling  avia-full-stretch avia-bg-style-fixed  avia-builder-el-0  el_before_av_section  avia-builder-el-first   av-small-hide av-mini-hide av-minimum-height av-minimum-height-42  container_wrap fullsize' style='background-repeat: no-repeat; background-image: url(https:\/\/rubikontext.hu\/wp-content\/uploads\/2020\/11\/rubikontext-headers-06.jpg);background-attachment: fixed; background-position: center center;  '  data-section-bg-repeat='stretch' data-av_minimum_height_pc='42'><div class='container' ><main  role=\"main\" itemprop=\"mainContentOfPage\"  class='template-page content  av-content-full alpha units'><div class='post-entry post-entry-type-page post-entry-975'><div class='entry-content-wrapper clearfix'>\n<div class=\"flex_column av_one_full  av-animated-generic fade-in  flex_column_div av-zero-column-padding first  avia-builder-el-1  avia-builder-el-no-sibling  \" style='border-radius:0px; '><div  style='padding-bottom:0px; ' class='av-special-heading av-special-heading-h1  blockquote modern-quote  avia-builder-el-2  avia-builder-el-no-sibling  '><h1 class='av-special-heading-tag '  itemprop=\"headline\"  >Vertikalmesser-Zuschneidemaschinen <\/h1><div class='special-heading-border'><div class='special-heading-inner-border' ><\/div><\/div><\/div><\/div>\n\n<\/div><\/div><\/main><!-- close content main element --><\/div><\/div><div id='hero-mobil'  class='avia-section main_color avia-section-small avia-no-border-styling  avia-full-stretch avia-bg-style-scroll  avia-builder-el-3  el_after_av_section  el_before_av_section   av-desktop-hide av-medium-hide av-minimum-height av-minimum-height-36  container_wrap fullsize' style='background-repeat: no-repeat; background-image: url(https:\/\/rubikontext.hu\/wp-content\/uploads\/2020\/11\/rubikontext-headers-06.jpg);background-attachment: scroll; background-position: center center;  '  data-section-bg-repeat='stretch' data-av_minimum_height_pc='36'><div class='container' ><div class='template-page content  av-content-full alpha units'><div class='post-entry post-entry-type-page post-entry-975'><div class='entry-content-wrapper clearfix'>\n<div class=\"flex_column av_one_full  av-animated-generic fade-in  flex_column_div av-zero-column-padding first  avia-builder-el-4  avia-builder-el-no-sibling  \" style='border-radius:0px; '><div  style='padding-bottom:0px; ' class='av-special-heading av-special-heading-h1  blockquote modern-quote  avia-builder-el-5  avia-builder-el-no-sibling  '><h1 class='av-special-heading-tag '  itemprop=\"headline\"  >Vertikalmesser-Zuschneidemaschinen <\/h1><div class='special-heading-border'><div class='special-heading-inner-border' ><\/div><\/div><\/div><\/div>\n\n<\/div><\/div><\/div><!-- close content main div --><\/div><\/div><div id='catalogues'  class='avia-section main_color avia-section-default avia-no-border-styling  avia-bg-style-scroll  avia-builder-el-6  el_after_av_section  el_before_av_section   container_wrap fullsize' style=' '  ><div class='container' ><div class='template-page content  av-content-full alpha units'><div class='post-entry post-entry-type-page post-entry-975'><div class='entry-content-wrapper clearfix'>\n<div class='flex_column_table av-equal-height-column-flextable av-break-at-tablet-flextable' ><div class=\"flex_column av_one_fourth  no_margin av-break-at-tablet flex_column_table_cell av-equal-height-column av-align-top first  avia-builder-el-7  el_before_av_one_fourth  avia-builder-el-first  \" style='background: #f2f2f2; padding:30px; background-color:#f2f2f2; border-radius:0px; '><p><div  class='avia-image-container  av-styling-    avia-builder-el-8  el_before_av_heading  avia-builder-el-first  avia-align-center '  itemprop=\"image\" itemscope=\"itemscope\" itemtype=\"https:\/\/schema.org\/ImageObject\"  ><div class='avia-image-container-inner'><div class='avia-image-overlay-wrap'><img decoding=\"async\" class='wp-image-517 avia-img-lazy-loading-not-517 avia_image' src=\"https:\/\/rubikontext.hu\/wp-content\/uploads\/2020\/10\/cs-532-18.jpg\" alt='CS 532-18 kardk\u00e9ses szab\u00e1szg\u00e9p. Rubikon Text Kft., S\u00e1rospatak' title='CS 532-18 kardk\u00e9ses szab\u00e1szg\u00e9p. Rubikon Text Kft., S\u00e1rospatak' height=\"259\" width=\"163\"  itemprop=\"thumbnailUrl\"  \/><\/div><\/div><\/div><br \/>\n<div  style='padding-bottom:0px; ' class='av-special-heading av-special-heading-h4  blockquote modern-quote  avia-builder-el-9  el_after_av_image  el_before_av_textblock  '><h4 class='av-special-heading-tag '  itemprop=\"headline\"  >CS 532-18<\/h4><div class='special-heading-border'><div class='special-heading-inner-border' ><\/div><\/div><\/div><br \/>\n<section class=\"av_textblock_section \"  itemscope=\"itemscope\" itemtype=\"https:\/\/schema.org\/CreativeWork\" ><div class='avia_textblock  '   itemprop=\"text\" ><p><a href=\"https:\/\/rubikontext.hu\/wp-content\/uploads\/2020\/10\/CS_532_1_2.pdf\">Ersatzteilkatalog 1 (pdf)<\/a><br \/>\n<a href=\"https:\/\/rubikontext.hu\/wp-content\/uploads\/2020\/10\/CS_532_2_2.pdf\">Ersatzteilkatalog 2 (pdf)<\/a><\/p>\n<\/div><\/section><\/p><\/div><div class=\"flex_column av_one_fourth  no_margin av-break-at-tablet flex_column_table_cell av-equal-height-column av-align-top   avia-builder-el-11  el_after_av_one_fourth  el_before_av_one_half  \" style='background: #f2f2f2; padding:30px; background-color:#f2f2f2; border-radius:0px; '><p><div  class='avia-image-container  av-styling-    avia-builder-el-12  el_before_av_heading  avia-builder-el-first  avia-align-center '  itemprop=\"image\" itemscope=\"itemscope\" itemtype=\"https:\/\/schema.org\/ImageObject\"  ><div class='avia-image-container-inner'><div class='avia-image-overlay-wrap'><img decoding=\"async\" class='wp-image-518 avia-img-lazy-loading-not-518 avia_image' src=\"https:\/\/rubikontext.hu\/wp-content\/uploads\/2020\/10\/cs-532-18-2.jpg\" alt='CS 532-18-2 kardk\u00e9ses szab\u00e1szg\u00e9p. Rubikon Text Kft., S\u00e1rospatak' title='CS 532-18-2 kardk\u00e9ses szab\u00e1szg\u00e9p. Rubikon Text Kft., S\u00e1rospatak' height=\"259\" width=\"134\"  itemprop=\"thumbnailUrl\"  \/><\/div><\/div><\/div><br \/>\n<div  style='padding-bottom:0px; ' class='av-special-heading av-special-heading-h4  blockquote modern-quote  avia-builder-el-13  el_after_av_image  el_before_av_textblock  '><h4 class='av-special-heading-tag '  itemprop=\"headline\"  >CS 532-18-2<\/h4><div class='special-heading-border'><div class='special-heading-inner-border' ><\/div><\/div><\/div><br \/>\n<section class=\"av_textblock_section \"  itemscope=\"itemscope\" itemtype=\"https:\/\/schema.org\/CreativeWork\" ><div class='avia_textblock  '   itemprop=\"text\" ><p>Ersatzteilkatalog 1 (pdf)<br \/>\nErsatzteilkatalog 2 (pdf)<\/p>\n<\/div><\/section><\/p><\/div><div class=\"flex_column av_one_half  no_margin av-break-at-tablet flex_column_table_cell av-equal-height-column av-align-top   avia-builder-el-15  el_after_av_one_fourth  avia-builder-el-last  \" style='padding:0px 0px 0px 30px ; border-radius:0px; '><p><section class=\"av_textblock_section \"  itemscope=\"itemscope\" itemtype=\"https:\/\/schema.org\/CreativeWork\" ><div class='avia_textblock  '   itemprop=\"text\" ><p>Die Vertikalmesser-Zuschneider Typ Cs 532 wurden in erster Linie f\u00fcr die Textilindustrie zum Zuschneiden von Lagen und das genaue Ausschneiden gr\u00f6\u00dferer St\u00fccke entwickelt, die Maschinen k\u00f6nnen aber auch f\u00fcr Polsterungen und Leder verwendet werden. Die Maschine Typ Cs 532 verf\u00fcgt \u00fcber kein Schleifger\u00e4t, ist aber als Typ Cs 532-2 mit einem eingebauten automatischen Bandschleifger\u00e4t lieferbar.<\/p>\n<p>Dieses automatische Bandschleifger\u00e4t eignet sich f\u00fcr das Schleifen von Schnellstahlmessern mit konstantem Schneidwinkel. Die Feinheit der Messerschneide l\u00e4sst sich durch Nutzung von Schleifb\u00e4ndern mit unterschiedlicher Korngr\u00f6\u00dfe beeinflussen.<\/p>\n<p>Entsprechend dem Anwendungsziel k\u00f6nnen diese Maschinen f\u00fcr unterschiedliche elektrische Spannungen, Leistungsaufnamen und Schneidh\u00f6hen bestellt werden.<\/p>\n<\/div><\/section><br \/>\n<div  style='height:50px' class='hr hr-invisible   avia-builder-el-17  el_after_av_textblock  avia-builder-el-last '><span class='hr-inner ' ><span class='hr-inner-style'><\/span><\/span><\/div><\/p><\/div><\/div><!--close column table wrapper. Autoclose: 1 -->\n\n<\/div><\/div><\/div><!-- close content main div --><\/div><\/div><div id='table'  class='avia-section main_color avia-section-default avia-no-border-styling  avia-bg-style-scroll  avia-builder-el-18  el_after_av_section  el_before_av_section   container_wrap fullsize' style=' '  ><div class='container' ><div class='template-page content  av-content-full alpha units'><div class='post-entry post-entry-type-page post-entry-975'><div class='entry-content-wrapper clearfix'>\n<div class='avia-data-table-wrap avia_scrollable_table'><table  class='avia-table avia-data-table avia-table-1  avia-builder-el-19  avia-builder-el-no-sibling  avia_pricing_minimal '  itemscope=\"itemscope\" itemtype=\"https:\/\/schema.org\/Table\" ><tbody><tr class='avia-heading-row'><th class=''>CS 532 &#8230; <\/th><th class=''>Stapelh\u00f6he (mm) <\/th><th class=''>Bet\u00e4tigungs-spannung (V)<br \/>\n<\/th><th class=''>Leistung (W)<\/th><th class=''>Messersch\u00e4rfung<\/th><\/tr><tr class=''><td class=''>\/13<\/td><td class=''>130<\/td><td class=''>3 \u00d7 400\/240<\/td><td class=''>400<\/td><td class=''>manuell<\/td><\/tr><tr class=''><td class=''>\/13-42<\/td><td class=''>130<\/td><td class=''>3 \u00d7 42<\/td><td class=''>400<\/td><td class=''>manuell<\/td><\/tr><tr class=''><td class=''>\/13-M1<\/td><td class=''>130<\/td><td class=''>240<\/td><td class=''>400<\/td><td class=''>manuell<\/td><\/tr><tr class=''><td class=''>\/13-2<\/td><td class=''>110<\/td><td class=''>3 \u00d7 400\/240<\/td><td class=''>400<\/td><td class=''>automatisch<\/td><\/tr><tr class=''><td class=''>\/13-2-42<\/td><td class=''>110<\/td><td class=''>3 \u00d7 42<\/td><td class=''>400<\/td><td class=''>automatisch<\/td><\/tr><tr class=''><td class=''>\/13-2-M1<\/td><td class=''>110<\/td><td class=''>240<\/td><td class=''>400<\/td><td class=''>automatisch<\/td><\/tr><tr class='avia-heading-row'><th class=''><\/th><th class=''><\/th><th class=''><\/th><th class=''><\/th><th class=''><\/th><\/tr><tr class=''><td class=''>\/16<\/td><td class=''>160<\/td><td class=''>3 \u00d7 400\/240<\/td><td class=''>550<\/td><td class=''>manuell<\/td><\/tr><tr class=''><td class=''>\/16-42<\/td><td class=''>160<\/td><td class=''>3 \u00d7 42<\/td><td class=''>550<\/td><td class=''>manuell<\/td><\/tr><tr class=''><td class=''>\/16-M1<\/td><td class=''>160<\/td><td class=''>240<\/td><td class=''>550<\/td><td class=''>manuell<\/td><\/tr><tr class=''><td class=''>\/16-2<\/td><td class=''>140<\/td><td class=''>3 \u00d7 400\/240<\/td><td class=''>550<\/td><td class=''>automatisch<\/td><\/tr><tr class=''><td class=''>\/16-2-42<\/td><td class=''>140<\/td><td class=''>3 \u00d7 42<\/td><td class=''>550<\/td><td class=''>automatisch<\/td><\/tr><tr class=''><td class=''>\/16-2-M1<\/td><td class=''>140<\/td><td class=''>240<\/td><td class=''>550<\/td><td class=''>automatisch<\/td><\/tr><tr class='avia-heading-row'><th class=''><\/th><th class=''><\/th><th class=''><\/th><th class=''><\/th><th class=''><\/th><\/tr><tr class=''><td class=''>\/18<\/td><td class=''>180<\/td><td class=''>3 \u00d7 400\/240<\/td><td class=''>550<\/td><td class=''>manuell<\/td><\/tr><tr class=''><td class=''>\/18-42<\/td><td class=''>180<\/td><td class=''>3 \u00d7 42<\/td><td class=''>550<\/td><td class=''>manuell<\/td><\/tr><tr class=''><td class=''>\/18-M1<\/td><td class=''>180<\/td><td class=''>240<\/td><td class=''>550<\/td><td class=''>manuell<\/td><\/tr><tr class=''><td class=''>\/18-2<\/td><td class=''>160<\/td><td class=''>3 \u00d7 400\/240<\/td><td class=''>550<\/td><td class=''>automatisch<\/td><\/tr><tr class=''><td class=''>\/18-2-42<\/td><td class=''>160<\/td><td class=''>3 \u00d7 42<\/td><td class=''>550<\/td><td class=''>automatisch<\/td><\/tr><tr class=''><td class=''>\/18-2-M1<\/td><td class=''>160<\/td><td class=''>240<\/td><td class=''>550<\/td><td class=''>automatisch<\/td><\/tr><tr class='avia-heading-row'><th class=''><\/th><th class=''><\/th><th class=''><\/th><th class=''><\/th><th class=''><\/th><\/tr><tr class=''><td class=''>\/24<\/td><td class=''>240<\/td><td class=''>3 \u00d7 400\/240<\/td><td class=''>550<\/td><td class=''>manuell<\/td><\/tr><tr class=''><td class=''>\/24-42<\/td><td class=''>240<\/td><td class=''>3 \u00d7 42<\/td><td class=''>550<\/td><td class=''>manuell<\/td><\/tr><tr class=''><td class=''>\/24-M1<\/td><td class=''>240<\/td><td class=''>240<\/td><td class=''>550<\/td><td class=''>manuell<\/td><\/tr><tr class=''><td class=''>\/24-2<\/td><td class=''>220<\/td><td class=''>3 \u00d7 400\/240<\/td><td class=''>550<\/td><td class=''>automatisch<\/td><\/tr><tr class=''><td class=''>\/24-2-42<\/td><td class=''>220<\/td><td class=''>3 \u00d7 42<\/td><td class=''>550<\/td><td class=''>automatisch<\/td><\/tr><tr class=''><td class=''>\/24-2-M1<\/td><td class=''>220<\/td><td class=''>240<\/td><td class=''>550<\/td><td class=''>automatisch<\/td><\/tr><\/tbody><\/table><\/div>\n\n<\/div><\/div><\/div><!-- close content main div --><\/div><\/div><div id='av_section_5'  class='avia-section main_color avia-section-default avia-no-border-styling  avia-full-stretch av-parallax-section avia-bg-style-parallax  avia-builder-el-20  el_after_av_section  el_before_av_section  heading-separator-desktop  av-medium-hide av-small-hide av-mini-hide av-minimum-height av-minimum-height-25  container_wrap fullsize' style=' '  data-section-bg-repeat='stretch' data-av_minimum_height_pc='25'><div class='av-parallax' data-avia-parallax-ratio='0.3' ><div class='av-parallax-inner main_color  avia-full-stretch' style = 'background-repeat: no-repeat; background-image: url(https:\/\/rubikontext.hu\/wp-content\/uploads\/2020\/11\/htr-02.jpg);background-attachment: scroll; background-position: center center; ' ><\/div><\/div><div class='container' ><div class='template-page content  av-content-full alpha units'><div class='post-entry post-entry-type-page post-entry-975'><div class='entry-content-wrapper clearfix'>\n<div  style='padding-bottom:10px; ' class='av-special-heading av-special-heading-h2  blockquote modern-quote  avia-builder-el-21  avia-builder-el-no-sibling  '><h2 class='av-special-heading-tag '  itemprop=\"headline\"  >Eigene Fertigprodukte<\/h2><div class='special-heading-border'><div class='special-heading-inner-border' ><\/div><\/div><\/div>\n\n<\/div><\/div><\/div><!-- close content main div --><\/div><\/div><div id='av_section_6'  class='avia-section main_color avia-section-default avia-no-border-styling  avia-full-stretch avia-bg-style-scroll  avia-builder-el-22  el_after_av_section  el_before_av_section  heading-separator-mobil  av-desktop-hide av-minimum-height av-minimum-height-25  container_wrap fullsize' style='background-repeat: no-repeat; background-image: url(https:\/\/rubikontext.hu\/wp-content\/uploads\/2020\/11\/htr-02.jpg);background-attachment: scroll; background-position: center center;  '  data-section-bg-repeat='stretch' data-av_minimum_height_pc='25'><div class='container' ><div class='template-page content  av-content-full alpha units'><div class='post-entry post-entry-type-page post-entry-975'><div class='entry-content-wrapper clearfix'>\n<div  style='padding-bottom:10px; ' class='av-special-heading av-special-heading-h2  blockquote modern-quote  avia-builder-el-23  avia-builder-el-no-sibling  '><h2 class='av-special-heading-tag '  itemprop=\"headline\"  >Eigene Fertigprodukte<\/h2><div class='special-heading-border'><div class='special-heading-inner-border' ><\/div><\/div><\/div>\n\n<\/div><\/div><\/div><!-- close content main div --><\/div><\/div><div id='products-content'  class='avia-section main_color avia-section-default avia-no-border-styling  avia-bg-style-scroll  avia-builder-el-24  el_after_av_section  el_before_av_section   container_wrap fullsize' style=' '  ><div class='container' ><div class='template-page content  av-content-full alpha units'><div class='post-entry post-entry-type-page post-entry-975'><div class='entry-content-wrapper clearfix'>\n<div class='flex_column_table av-equal-height-column-flextable -flextable' ><div class=\"flex_column av_one_third  flex_column_table_cell av-equal-height-column av-align-top av-zero-column-padding avia-link-column av-column-link avia-link-column-hover first  avia-builder-el-25  el_before_av_one_third  avia-builder-el-first  \" style='border-radius:0px; ' data-link-column-url=\"https:\/\/rubikontext.hu\/termekek\/korkeses-szabaszgepek\/\" ><a class=\"av-screen-reader-only\" href=https:\/\/rubikontext.hu\/termekek\/korkeses-szabaszgepek\/  title=\"K\u00f6rk\u00e9ses szab\u00e1szg\u00e9pek\">Link zu: K\u00f6rk\u00e9ses szab\u00e1szg\u00e9pek<\/a><p><div  style='padding-bottom:0px; ' class='av-special-heading av-special-heading-h3  blockquote modern-quote  avia-builder-el-26  el_before_av_textblock  avia-builder-el-first  '><h3 class='av-special-heading-tag '  itemprop=\"headline\"  >Rundmesser-Zuschneidemaschinen<\/h3><div class='special-heading-border'><div class='special-heading-inner-border' ><\/div><\/div><\/div><br \/>\n<section class=\"av_textblock_section \"  itemscope=\"itemscope\" itemtype=\"https:\/\/schema.org\/CreativeWork\" ><div class='avia_textblock rubicon-prod-desc '   itemprop=\"text\" ><p>Die Rundmessermaschinen Typ Cs 539 wurden in erster Linie f\u00fcr die Zuschneidereien der Textilindustrie zum Schneiden von Strick- und Wirkwaren, Geweben, Futterstoffen usw. entwickelt, sie k\u00f6nnen aber auch zum Zuschneiden sonstiger Materialien wie z. B. Nonvowens, Kunststoffmaterialien, Teppiche, Folien, Kunstleder oder Schaumstoffe verwendet werden.<\/p>\n<p><a href=\"https:\/\/rubikontext.hu\/de\/produkte\/rund-zuschneidemaschinen\/\">Details<\/a><\/p>\n<\/div><\/section><\/p><\/div><div class='av-flex-placeholder'><\/div><div class=\"flex_column av_one_third  flex_column_table_cell av-equal-height-column av-align-top av-zero-column-padding avia-link-column av-column-link avia-link-column-hover   avia-builder-el-28  el_after_av_one_third  el_before_av_one_third  \" style='border-radius:0px; ' data-link-column-url=\"https:\/\/rubikontext.hu\/termekek\/kardkeses-szabaszgepek\/\" ><a class=\"av-screen-reader-only\" href=https:\/\/rubikontext.hu\/termekek\/kardkeses-szabaszgepek\/  title=\"Kardk\u00e9ses szab\u00e1szg\u00e9pek\" alt=\"Kardk\u00e9ses szab\u00e1szg\u00e9pek\">Link zu: Kardk\u00e9ses szab\u00e1szg\u00e9pek<\/a><p><div  style='padding-bottom:0px; ' class='av-special-heading av-special-heading-h3  blockquote modern-quote  avia-builder-el-29  el_before_av_textblock  avia-builder-el-first  '><h3 class='av-special-heading-tag '  itemprop=\"headline\"  >Vertikalmesser-Zuschneidemaschinen<\/h3><div class='special-heading-border'><div class='special-heading-inner-border' ><\/div><\/div><\/div><br \/>\n<section class=\"av_textblock_section \"  itemscope=\"itemscope\" itemtype=\"https:\/\/schema.org\/CreativeWork\" ><div class='avia_textblock rubicon-prod-desc '   itemprop=\"text\" ><p><span lang=\"DE\">Die Vertikalmesser-Zuschneider Typ Cs 532 wurden in erster Linie f\u00fcr die Textilindustrie zum Zuschneiden von Lagen und das genaue Ausschneiden gr\u00f6\u00dferer St\u00fccke entwickelt, die Maschinen k\u00f6nnen aber auch f\u00fcr Polsterungen und Leder verwendet werden.<\/span><\/p>\n<p><a href=\"https:\/\/rubikontext.hu\/de\/produkte\/vertikal-zuschneidemaschinen\/\">Details<\/a><\/p>\n<\/div><\/section><\/p><\/div><div class='av-flex-placeholder'><\/div><div class=\"flex_column av_one_third  flex_column_table_cell av-equal-height-column av-align-top av-zero-column-padding avia-link-column av-column-link avia-link-column-hover   avia-builder-el-31  el_after_av_one_third  avia-builder-el-last  \" style='border-radius:0px; ' data-link-column-url=\"https:\/\/rubikontext.hu\/termekek\/veglevago-szabasz-asztal\/\" ><a class=\"av-screen-reader-only\" href=https:\/\/rubikontext.hu\/termekek\/veglevago-szabasz-asztal\/  title=\"V\u00e9glev\u00e1g\u00f3, szab\u00e1sz asztal\" alt=\"V\u00e9glev\u00e1g\u00f3, szab\u00e1sz asztal\">Link zu: V\u00e9glev\u00e1g\u00f3, szab\u00e1sz asztal<\/a><p><div  style='padding-bottom:0px; ' class='av-special-heading av-special-heading-h3  blockquote modern-quote  avia-builder-el-32  el_before_av_textblock  avia-builder-el-first  '><h3 class='av-special-heading-tag '  itemprop=\"headline\"  >Zuschneidevorrichtung f\u00fcr Stoffbahnen<\/h3><div class='special-heading-border'><div class='special-heading-inner-border' ><\/div><\/div><\/div><br \/>\n<section class=\"av_textblock_section \"  itemscope=\"itemscope\" itemtype=\"https:\/\/schema.org\/CreativeWork\" ><div class='avia_textblock rubicon-prod-desc '   itemprop=\"text\" ><p>Die Zuschneidevorrichtung f\u00fcr Stoffbahnen eignet sich in erster Linie f\u00fcr das Zuschneiden von leichten, d\u00fcnnen Webstoffen, Gewirken, Futterstoffen usw.<\/p>\n<p><a href=\"https:\/\/rubikontext.hu\/de\/produkte\/zuschneidevorrichtung-stoffbahnen\/\">Details<\/a><\/p>\n<\/div><\/section><\/p><\/div><\/div><!--close column table wrapper. Autoclose: 1 --><\/div><\/div><\/div><!-- close content main div --><\/div><\/div><div id='social-bottom'  class='avia-section header_color avia-section-default avia-no-border-styling  avia-bg-style-scroll  avia-builder-el-34  el_after_av_section  avia-builder-el-last   container_wrap fullsize' style='background-color: #222222;  '  ><div class='container' ><div class='template-page content  av-content-full alpha units'><div class='post-entry post-entry-type-page post-entry-975'><div class='entry-content-wrapper clearfix'>\n<div class='flex_column_table av-equal-height-column-flextable -flextable' ><div class=\"flex_column av_two_third  flex_column_table_cell av-equal-height-column av-align-middle av-zero-column-padding first  avia-builder-el-35  el_before_av_one_third  avia-builder-el-first  \" style='border-radius:0px; '><div  style='padding-bottom:0px; ' class='av-special-heading av-special-heading-h3  blockquote modern-quote  avia-builder-el-36  avia-builder-el-no-sibling  '><h3 class='av-special-heading-tag '  itemprop=\"headline\"  >Weitergeben<\/h3><div class='special-heading-border'><div class='special-heading-inner-border' ><\/div><\/div><\/div><\/div><div class='av-flex-placeholder'><\/div><div class=\"flex_column av_one_third  flex_column_table_cell av-equal-height-column av-align-middle av-zero-column-padding   avia-builder-el-37  el_after_av_two_third  avia-builder-el-last  \" style='border-radius:0px; '><div  class='av-social-sharing-box  avia-builder-el-38  avia-builder-el-no-sibling  '><div class='av-share-box'><ul class='av-share-box-list noLightbox'><li class='av-share-link av-social-link-facebook' ><a target=\"_blank\" aria-label=\"Teilen auf Facebook\" href='https:\/\/www.facebook.com\/sharer.php?u=https:\/\/rubikontext.hu\/de\/produkte\/vertikal-zuschneidemaschinen\/&#038;t=Vertikalmesser-Zuschneidemaschinen' aria-hidden='false' data-av_icon='\ue8f3' data-av_iconfont='entypo-fontello' title='' data-avia-related-tooltip='Teilen auf Facebook' rel=\"noopener\"><span class='avia_hidden_link_text'>Teilen auf Facebook<\/span><\/a><\/li><li class='av-share-link av-social-link-twitter' ><a target=\"_blank\" aria-label=\"Teilen auf Twitter\" href='https:\/\/twitter.com\/share?text=Vertikalmesser-Zuschneidemaschinen&#038;url=https:\/\/rubikontext.hu\/de\/?p=975' aria-hidden='false' data-av_icon='\ue8f1' data-av_iconfont='entypo-fontello' title='' data-avia-related-tooltip='Teilen auf Twitter' rel=\"noopener\"><span class='avia_hidden_link_text'>Teilen auf Twitter<\/span><\/a><\/li><li class='av-share-link av-social-link-linkedin' ><a target=\"_blank\" aria-label=\"Teilen auf LinkedIn\" href='https:\/\/linkedin.com\/shareArticle?mini=true&#038;title=Vertikalmesser-Zuschneidemaschinen&#038;url=https:\/\/rubikontext.hu\/de\/produkte\/vertikal-zuschneidemaschinen\/' aria-hidden='false' data-av_icon='\ue8fc' data-av_iconfont='entypo-fontello' title='' data-avia-related-tooltip='Teilen auf LinkedIn' rel=\"noopener\"><span class='avia_hidden_link_text'>Teilen auf LinkedIn<\/span><\/a><\/li><li class='av-share-link av-social-link-mail' ><a  aria-label=\"Per E-Mail teilen\" href='mailto:?subject=Vertikalmesser-Zuschneidemaschinen&#038;body=https:\/\/rubikontext.hu\/de\/produkte\/vertikal-zuschneidemaschinen\/' aria-hidden='false' data-av_icon='\ue805' data-av_iconfont='entypo-fontello' title='' data-avia-related-tooltip='Per E-Mail teilen'><span class='avia_hidden_link_text'>Per E-Mail teilen<\/span><\/a><\/li><\/ul><\/div><\/div><\/div><\/div><!--close column table wrapper. Autoclose: 1 -->\n<\/p>\n","protected":false},"excerpt":{"rendered":"","protected":false},"author":1,"featured_media":0,"parent":931,"menu_order":0,"comment_status":"closed","ping_status":"closed","template":"","meta":{"footnotes":""},"_links":{"self":[{"href":"https:\/\/rubikontext.hu\/de\/wp-json\/wp\/v2\/pages\/975"}],"collection":[{"href":"https:\/\/rubikontext.hu\/de\/wp-json\/wp\/v2\/pages"}],"about":[{"href":"https:\/\/rubikontext.hu\/de\/wp-json\/wp\/v2\/types\/page"}],"author":[{"embeddable":true,"href":"https:\/\/rubikontext.hu\/de\/wp-json\/wp\/v2\/users\/1"}],"replies":[{"embeddable":true,"href":"https:\/\/rubikontext.hu\/de\/wp-json\/wp\/v2\/comments?post=975"}],"version-history":[{"count":4,"href":"https:\/\/rubikontext.hu\/de\/wp-json\/wp\/v2\/pages\/975\/revisions"}],"predecessor-version":[{"id":1098,"href":"https:\/\/rubikontext.hu\/de\/wp-json\/wp\/v2\/pages\/975\/revisions\/1098"}],"up":[{"embeddable":true,"href":"https:\/\/rubikontext.hu\/de\/wp-json\/wp\/v2\/pages\/931"}],"wp:attachment":[{"href":"https:\/\/rubikontext.hu\/de\/wp-json\/wp\/v2\/media?parent=975"}],"curies":[{"name":"wp","href":"https:\/\/api.w.org\/{rel}","templated":true}]}}