{"id":918,"date":"2020-10-14T12:55:13","date_gmt":"2020-10-14T12:55:13","guid":{"rendered":"https:\/\/rubikontext.hu\/rubikontext\/"},"modified":"2024-04-26T06:39:27","modified_gmt":"2024-04-26T06:39:27","slug":"rubikontext","status":"publish","type":"page","link":"https:\/\/rubikontext.hu\/de\/","title":{"rendered":"Rubikon Text"},"content":{"rendered":"<div id='home-hero-desktop'  class='avia-section main_color avia-section-default avia-no-border-styling  avia-full-stretch avia-bg-style-fixed  avia-builder-el-0  el_before_av_section  avia-builder-el-first   av-small-hide av-mini-hide av-minimum-height av-minimum-height-42  container_wrap fullsize' style='background-repeat: no-repeat; background-image: url(https:\/\/rubikontext.hu\/wp-content\/uploads\/2020\/11\/rubikontext-header-01-cc.jpg);background-attachment: fixed; background-position: center center;  '  data-section-bg-repeat='stretch' data-av_minimum_height_pc='42'><div class='container' ><main  role=\"main\" itemprop=\"mainContentOfPage\"  class='template-page content  av-content-full alpha units'><div class='post-entry post-entry-type-page post-entry-918'><div class='entry-content-wrapper clearfix'>\n<div class=\"flex_column av_one_full  av-animated-generic fade-in  flex_column_div av-zero-column-padding first  avia-builder-el-1  avia-builder-el-no-sibling  \" style='border-radius:0px; '><div  style='padding-bottom:10px; ' class='av-special-heading av-special-heading-h1  blockquote modern-quote  avia-builder-el-2  avia-builder-el-no-sibling  '><h1 class='av-special-heading-tag '  itemprop=\"headline\"  >Rubikon TEXT<\/h1><div class ='av-subheading av-subheading_below  ' style='font-size:15px;'><p>ein sicherer Punkt in einer Welt au\u00dfer Rand und Band<\/p>\n<\/div><div class='special-heading-border'><div class='special-heading-inner-border' ><\/div><\/div><\/div><\/div>\n\n<\/div><\/div><\/main><!-- close content main element --><\/div><\/div><div id='home-hero-mobil'  class='avia-section main_color avia-section-small avia-no-border-styling  avia-full-stretch avia-bg-style-scroll  avia-builder-el-3  el_after_av_section  el_before_av_section   av-desktop-hide av-medium-hide av-minimum-height av-minimum-height-42  container_wrap fullsize' style='background-repeat: no-repeat; background-image: url(https:\/\/rubikontext.hu\/wp-content\/uploads\/2020\/11\/rubikontext-header-01-cc.jpg);background-attachment: scroll; background-position: center center;  '  data-section-bg-repeat='stretch' data-av_minimum_height_pc='42'><div class='container' ><div class='template-page content  av-content-full alpha units'><div class='post-entry post-entry-type-page post-entry-918'><div class='entry-content-wrapper clearfix'>\n<div class=\"flex_column av_one_full  av-animated-generic fade-in  flex_column_div av-zero-column-padding first  avia-builder-el-4  avia-builder-el-no-sibling  \" style='border-radius:0px; '><div  style='padding-bottom:0px; ' class='av-special-heading av-special-heading-h1  blockquote modern-quote  avia-builder-el-5  avia-builder-el-no-sibling  '><h1 class='av-special-heading-tag '  itemprop=\"headline\"  >Rubikon TEXT<\/h1><div class ='av-subheading av-subheading_below  ' style='font-size:15px;'><p>ein sicherer Punkt in einer Welt au\u00dfer Rand und Band<\/p>\n<\/div><div class='special-heading-border'><div class='special-heading-inner-border' ><\/div><\/div><\/div><\/div>\n\n<\/div><\/div><\/div><!-- close content main div --><\/div><\/div><div id='av_section_3'  class='avia-section main_color avia-section-default avia-no-border-styling  avia-bg-style-scroll  avia-builder-el-6  el_after_av_section  el_before_av_section   container_wrap fullsize' style=' '  ><div class='container' ><div class='template-page content  av-content-full alpha units'><div class='post-entry post-entry-type-page post-entry-918'><div class='entry-content-wrapper clearfix'>\n<div class='flex_column_table av-equal-height-column-flextable av-break-at-tablet-flextable' ><div class=\"flex_column av_one_full  av-break-at-tablet flex_column_table_cell av-equal-height-column av-align-top av-zero-column-padding avia-link-column av-column-link avia-link-column-hover first  avia-builder-el-7  el_before_av_three_fifth  avia-builder-el-first  \" style='border-radius:0px; ' data-link-column-url=\"https:\/\/rubikontext.hu\/cegismerteto\/\" ><a class=\"av-screen-reader-only\" href=https:\/\/rubikontext.hu\/cegismerteto\/  title=\"C\u00e9gismertet\u0151\" alt=\"C\u00e9gismertet\u0151\">Link zu: C\u00e9gismertet\u0151<\/a><section class=\"av_textblock_section \"  itemscope=\"itemscope\" itemtype=\"https:\/\/schema.org\/CreativeWork\" ><div class='avia_textblock   av-medium-font-size-overwrite av-medium-font-size-16 av-small-font-size-overwrite av-small-font-size-16 av-mini-font-size-overwrite av-mini-font-size-16'  style='font-size:20px; '  itemprop=\"text\" ><p>Die Rubikon Text GmbH wurde 1992 als Familienunternehmen infolge einer Privatisierung gegr\u00fcndet. Urspr\u00fcngliches Unternehmensprofil war die Fertigung industrieller N\u00e4h- und Zuschneidemaschinen. Sp\u00e4ter legte das ver\u00e4nderte Marktumfeld nahe, die Gesch\u00e4ftsbereiche Werkzeug- und Ger\u00e4tebau, sowie Teile f\u00fcr Packmaschinen aufzubauen. Die Herstellung von Teilen und individuellen Baus\u00e4tzen f\u00fcr die Automobilindustrie wurde zum dritten Standbein.<\/p>\n<\/div><\/section><\/div><\/div><!--close column table wrapper. Autoclose: 1 --><div class=\"flex_column av_three_fifth  flex_column_div av-zero-column-padding first  avia-builder-el-9  el_after_av_one_full  el_before_av_two_fifth  column-top-margin\" style='border-radius:0px; '><div  class='avia-video avia-video-16-9   av-lazyload-immediate  av-lazyload-video-embed  '   itemprop=\"video\" itemtype=\"https:\/\/schema.org\/VideoObject\"  data-original_url='https:\/\/youtu.be\/9dYiai1d1IQ' ><script type='text\/html' class='av-video-tmpl'><div class='avia-iframe-wrap'><iframe loading=\"lazy\" title=\"OMAX 60120\" width=\"1500\" height=\"844\" src=\"https:\/\/www.youtube.com\/embed\/9dYiai1d1IQ?feature=oembed&autoplay=0&loop=0&controls=1&mute=0\" frameborder=\"0\" allow=\"accelerometer; autoplay; clipboard-write; encrypted-media; gyroscope; picture-in-picture\" allowfullscreen><\/iframe><\/div><\/script><div class='av-click-to-play-overlay'><div class=\"avia_playpause_icon\"><\/div><\/div><\/div><\/div><div class=\"flex_column av_two_fifth  flex_column_div av-zero-column-padding   avia-builder-el-11  el_after_av_three_fifth  el_before_av_hr  column-top-margin\" style='border-radius:0px; '><p><section class=\"av_textblock_section \"  itemscope=\"itemscope\" itemtype=\"https:\/\/schema.org\/CreativeWork\" ><div class='avia_textblock  '   itemprop=\"text\" ><p><a href=\"https:\/\/rubikontext.hu\/wp-content\/uploads\/2024\/04\/Rubikon_2022_01_100_1624122_Main_DE.jpg\"><img loading=\"lazy\" decoding=\"async\" class=\"alignnone wp-image-1287 size-medium\" src=\"https:\/\/rubikontext.hu\/wp-content\/uploads\/2024\/04\/Rubikon_2022_01_100_1624122_Main_DE-221x300.jpg\" alt=\"\" width=\"221\" height=\"300\" srcset=\"https:\/\/rubikontext.hu\/wp-content\/uploads\/2024\/04\/Rubikon_2022_01_100_1624122_Main_DE-221x300.jpg 221w, https:\/\/rubikontext.hu\/wp-content\/uploads\/2024\/04\/Rubikon_2022_01_100_1624122_Main_DE-518x705.jpg 518w, https:\/\/rubikontext.hu\/wp-content\/uploads\/2024\/04\/Rubikon_2022_01_100_1624122_Main_DE.jpg 705w\" sizes=\"(max-width: 221px) 100vw, 221px\" \/><\/a><\/p>\n<\/div><\/section><br \/>\n<div  style=' margin-top:10px; margin-bottom:10px;'  class='hr hr-custom hr-center hr-icon-no  av-medium-hide av-small-hide av-mini-hide  avia-builder-el-13  el_after_av_textblock  el_before_av_button '><span class='hr-inner  inner-border-av-border-thin' style=' width:100%;' ><span class='hr-inner-style'><\/span><\/span><\/div><br \/>\n<div  class='avia-button-wrap avia-button-left  avia-builder-el-14  el_after_av_hr  avia-builder-el-last ' ><a href='https:\/\/rubikontext.hu\/de\/unternehmen\/'  class='avia-button  avia-color-theme-color-highlight   av-medium-hide av-small-hide av-mini-hide avia-icon_select-no avia-size-large avia-position-left '   ><span class='avia_iconbox_title' >Das Unternehmen<\/span><\/a><\/div><\/p><\/div><div  style=' margin-top:10px; margin-bottom:10px;'  class='hr hr-custom hr-center hr-icon-no  av-desktop-hide  avia-builder-el-15  el_after_av_two_fifth  el_before_av_button '><span class='hr-inner  inner-border-av-border-thin' style=' width:100%;' ><span class='hr-inner-style'><\/span><\/span><\/div>\n<div  class='avia-button-wrap avia-button-left  avia-builder-el-16  el_after_av_hr  avia-builder-el-last ' ><a href='https:\/\/rubikontext.hu\/de\/unternehmen\/'  class='avia-button  avia-color-theme-color-highlight   av-desktop-hide avia-icon_select-no avia-size-large avia-position-left '   ><span class='avia_iconbox_title' >Das Unternehmen<\/span><\/a><\/div>\n<\/div><\/div><\/div><!-- close content main div --><\/div><\/div><div id='av_section_4'  class='avia-section alternate_color avia-section-default avia-no-border-styling  avia-bg-style-scroll  avia-builder-el-17  el_after_av_section  el_before_av_section   container_wrap fullsize' style=' '  ><div class='container' ><div class='template-page content  av-content-full alpha units'><div class='post-entry post-entry-type-page post-entry-918'><div class='entry-content-wrapper clearfix'>\n<div class='flex_column_table av-equal-height-column-flextable av-break-at-tablet-flextable' ><div class=\"flex_column av_three_fifth  av-animated-generic left-to-right  av-break-at-tablet flex_column_table_cell av-equal-height-column av-align-middle av-zero-column-padding avia-link-column av-column-link first  avia-builder-el-18  el_before_av_two_fifth  avia-builder-el-first  \" style='border-radius:0px; ' data-link-column-url=\"https:\/\/rubikontext.hu\/termekek\/\" ><a class=\"av-screen-reader-only\" href=https:\/\/rubikontext.hu\/termekek\/  title=\"Term\u00e9kek\" alt=\"Term\u00e9kek\">Link zu: Term\u00e9kek<\/a><div   data-size='masonry'  data-lightbox_size='large'  data-animation='fade'  data-conditional_play=''  data-ids='737,736,739,742'  data-video_counter='0'  data-autoplay='true'  data-bg_slider='false'  data-slide_height=''  data-handle='av_slideshow'  data-interval='3'  data-class=' avia-builder-el-19  avia-builder-el-no-sibling  '  data-el_id=''  data-css_id=''  data-scroll_down=''  data-control_layout='av-control-hidden'  data-custom_markup=''  data-perma_caption=''  data-autoplay_stopper=''  data-image_attachment=''  data-min_height='0px'  data-lazy_loading='disabled'  data-default-height='100'  class='avia-slideshow avia-slideshow-1  av-control-hidden av-default-height-applied avia-slideshow-masonry av_slideshow  avia-builder-el-19  avia-builder-el-no-sibling   avia-fade-slider '  itemprop=\"image\" itemscope=\"itemscope\" itemtype=\"https:\/\/schema.org\/ImageObject\" ><ul class='avia-slideshow-inner ' style='padding-bottom: 66.666666666667%;' ><li  class=' slide-1 ' ><div data-rel='slideshow-1' class='avia-slide-wrap '   ><img decoding=\"async\" class=\"wp-image-737 avia-img-lazy-loading-not-737\"  src=\"https:\/\/rubikontext.hu\/wp-content\/uploads\/2020\/11\/rubikontext-termek-galeria-img-6018-705x470.jpg\" width=\"705\" height=\"470\" title='Rubikon Text Kft., S\u00e1rospatak' alt='Rubikon Text Kft., S\u00e1rospatak'  itemprop=\"thumbnailUrl\" srcset=\"https:\/\/rubikontext.hu\/wp-content\/uploads\/2020\/11\/rubikontext-termek-galeria-img-6018-705x470.jpg 705w, https:\/\/rubikontext.hu\/wp-content\/uploads\/2020\/11\/rubikontext-termek-galeria-img-6018-300x200.jpg 300w, https:\/\/rubikontext.hu\/wp-content\/uploads\/2020\/11\/rubikontext-termek-galeria-img-6018-768x512.jpg 768w, https:\/\/rubikontext.hu\/wp-content\/uploads\/2020\/11\/rubikontext-termek-galeria-img-6018-1536x1024.jpg 1536w, https:\/\/rubikontext.hu\/wp-content\/uploads\/2020\/11\/rubikontext-termek-galeria-img-6018-1500x1000.jpg 1500w, https:\/\/rubikontext.hu\/wp-content\/uploads\/2020\/11\/rubikontext-termek-galeria-img-6018.jpg 1800w\" sizes=\"(max-width: 705px) 100vw, 705px\" \/><\/div><\/li><li  class=' slide-2 ' ><div data-rel='slideshow-1' class='avia-slide-wrap '   ><img decoding=\"async\" class=\"wp-image-736 avia-img-lazy-loading-not-736\"  src=\"https:\/\/rubikontext.hu\/wp-content\/uploads\/2020\/11\/rubikontext-termek-galeria-img-6016-705x470.jpg\" width=\"705\" height=\"470\" title='Rubikon Text Kft., S\u00e1rospatak' alt='Rubikon Text Kft., S\u00e1rospatak'  itemprop=\"thumbnailUrl\" srcset=\"https:\/\/rubikontext.hu\/wp-content\/uploads\/2020\/11\/rubikontext-termek-galeria-img-6016-705x470.jpg 705w, https:\/\/rubikontext.hu\/wp-content\/uploads\/2020\/11\/rubikontext-termek-galeria-img-6016-300x200.jpg 300w, https:\/\/rubikontext.hu\/wp-content\/uploads\/2020\/11\/rubikontext-termek-galeria-img-6016-768x512.jpg 768w, https:\/\/rubikontext.hu\/wp-content\/uploads\/2020\/11\/rubikontext-termek-galeria-img-6016-1536x1024.jpg 1536w, https:\/\/rubikontext.hu\/wp-content\/uploads\/2020\/11\/rubikontext-termek-galeria-img-6016-1500x1000.jpg 1500w, https:\/\/rubikontext.hu\/wp-content\/uploads\/2020\/11\/rubikontext-termek-galeria-img-6016.jpg 1800w\" sizes=\"(max-width: 705px) 100vw, 705px\" \/><\/div><\/li><li  class=' slide-3 ' ><div data-rel='slideshow-1' class='avia-slide-wrap '   ><img decoding=\"async\" class=\"wp-image-739 avia-img-lazy-loading-not-739\"  src=\"https:\/\/rubikontext.hu\/wp-content\/uploads\/2020\/11\/rubikontext-termek-galeria-img-6023-705x470.jpg\" width=\"705\" height=\"470\" title='Rubikon Text Kft., S\u00e1rospatak' alt='Rubikon Text Kft., S\u00e1rospatak'  itemprop=\"thumbnailUrl\" srcset=\"https:\/\/rubikontext.hu\/wp-content\/uploads\/2020\/11\/rubikontext-termek-galeria-img-6023-705x470.jpg 705w, https:\/\/rubikontext.hu\/wp-content\/uploads\/2020\/11\/rubikontext-termek-galeria-img-6023-300x200.jpg 300w, https:\/\/rubikontext.hu\/wp-content\/uploads\/2020\/11\/rubikontext-termek-galeria-img-6023-768x512.jpg 768w, https:\/\/rubikontext.hu\/wp-content\/uploads\/2020\/11\/rubikontext-termek-galeria-img-6023-1536x1024.jpg 1536w, https:\/\/rubikontext.hu\/wp-content\/uploads\/2020\/11\/rubikontext-termek-galeria-img-6023-1500x1000.jpg 1500w, https:\/\/rubikontext.hu\/wp-content\/uploads\/2020\/11\/rubikontext-termek-galeria-img-6023.jpg 1800w\" sizes=\"(max-width: 705px) 100vw, 705px\" \/><\/div><\/li><li  class=' slide-4 ' ><div data-rel='slideshow-1' class='avia-slide-wrap '   ><img decoding=\"async\" class=\"wp-image-742 avia-img-lazy-loading-not-742\"  src=\"https:\/\/rubikontext.hu\/wp-content\/uploads\/2020\/11\/rubikontext-termek-galeria-img-6033-705x470.jpg\" width=\"705\" height=\"470\" title='Rubikon Text Kft., S\u00e1rospatak' alt='Rubikon Text Kft., S\u00e1rospatak'  itemprop=\"thumbnailUrl\" srcset=\"https:\/\/rubikontext.hu\/wp-content\/uploads\/2020\/11\/rubikontext-termek-galeria-img-6033-705x470.jpg 705w, https:\/\/rubikontext.hu\/wp-content\/uploads\/2020\/11\/rubikontext-termek-galeria-img-6033-300x200.jpg 300w, https:\/\/rubikontext.hu\/wp-content\/uploads\/2020\/11\/rubikontext-termek-galeria-img-6033-768x512.jpg 768w, https:\/\/rubikontext.hu\/wp-content\/uploads\/2020\/11\/rubikontext-termek-galeria-img-6033-1536x1024.jpg 1536w, https:\/\/rubikontext.hu\/wp-content\/uploads\/2020\/11\/rubikontext-termek-galeria-img-6033-1500x1000.jpg 1500w, https:\/\/rubikontext.hu\/wp-content\/uploads\/2020\/11\/rubikontext-termek-galeria-img-6033.jpg 1800w\" sizes=\"(max-width: 705px) 100vw, 705px\" \/><\/div><\/li><\/ul><div class='avia-slideshow-arrows avia-slideshow-controls'><a href='#prev' class='prev-slide' aria-hidden='true' data-av_icon='\ue87c' data-av_iconfont='entypo-fontello'>Zur\u00fcck<\/a><a href='#next' class='next-slide' aria-hidden='true' data-av_icon='\ue87d' data-av_iconfont='entypo-fontello'>Weiter<\/a><\/div><div class='avia-slideshow-dots avia-slideshow-controls'><a href='#1' class='goto-slide active' >1<\/a><a href='#2' class='goto-slide ' >2<\/a><a href='#3' class='goto-slide ' >3<\/a><a href='#4' class='goto-slide ' >4<\/a><\/div><\/div><\/div><div class='av-flex-placeholder'><\/div><div class=\"flex_column av_two_fifth  av-break-at-tablet flex_column_table_cell av-equal-height-column av-align-middle av-zero-column-padding avia-link-column av-column-link avia-link-column-hover   avia-builder-el-20  el_after_av_three_fifth  avia-builder-el-last  \" style='border-radius:0px; ' data-link-column-url=\"https:\/\/rubikontext.hu\/termekek\/\" ><a class=\"av-screen-reader-only\" href=https:\/\/rubikontext.hu\/termekek\/  title=\"Term\u00e9kek\" alt=\"Term\u00e9kek\">Link zu: Term\u00e9kek<\/a><p><section class=\"av_textblock_section \"  itemscope=\"itemscope\" itemtype=\"https:\/\/schema.org\/CreativeWork\" ><div class='avia_textblock  '   itemprop=\"text\" ><p>Anspruchsvolle Teile f\u00fcr die Werkzeug-, Verpackungs- und Instrumentenindustrie. Herstellung von bearbeiteten, kaltgeformten, oberfl\u00e4chenbehandelten Teilen in kleinen und mittleren Seriengr\u00f6\u00dfen im Toleranzbereich IT5-IT7.<\/p>\n<p>Rund- und Vertikalmesser-Schneidemaschinen, Endschneider, Schneidetisch.<\/p>\n<\/div><\/section><br \/>\n<div  style=' margin-top:0; margin-bottom:10px;'  class='hr hr-custom hr-center hr-icon-no   avia-builder-el-22  el_after_av_textblock  el_before_av_button '><span class='hr-inner  inner-border-av-border-thin' style=' width:100%;' ><span class='hr-inner-style'><\/span><\/span><\/div><br \/>\n<div  class='avia-button-wrap avia-button-left  avia-builder-el-23  el_after_av_hr  avia-builder-el-last ' ><a href='https:\/\/rubikontext.hu\/de\/produkte\/'  class='avia-button  avia-color-theme-color-highlight   avia-icon_select-no avia-size-large avia-position-left '   ><span class='avia_iconbox_title' >Produkte<\/span><\/a><\/div><\/p><\/div><\/div><!--close column table wrapper. Autoclose: 1 -->\n<\/p>\n<\/div><\/div><\/div><!-- close content main div --><\/div><\/div><div id='av_section_5'  class='avia-section main_color avia-section-default avia-no-border-styling  avia-full-stretch avia-bg-style-fixed  avia-builder-el-24  el_after_av_section  el_before_av_section  saparator-w-image  av-small-hide av-mini-hide av-minimum-height av-minimum-height-25  container_wrap fullsize' style='background-repeat: no-repeat; background-image: url(https:\/\/rubikontext.hu\/wp-content\/uploads\/2020\/11\/rubikontext-header-01-cc.jpg);background-attachment: fixed; background-position: center center;  '  data-section-bg-repeat='stretch' data-av_minimum_height_pc='25'><div class='container' ><div class='template-page content  av-content-full alpha units'><div class='post-entry post-entry-type-page post-entry-918'><div class='entry-content-wrapper clearfix'>\n<\/div><\/div><\/div><!-- close content main div --><\/div><\/div><div id='av_section_6'  class='avia-section main_color avia-section-small avia-no-border-styling  avia-full-stretch avia-bg-style-scroll  avia-builder-el-25  el_after_av_section  el_before_av_section  saparator-w-image  av-desktop-hide av-medium-hide av-minimum-height av-minimum-height-25  container_wrap fullsize' style='background-repeat: no-repeat; background-image: url(https:\/\/rubikontext.hu\/wp-content\/uploads\/2020\/11\/rubikontext-header-01-cc.jpg);background-attachment: scroll; background-position: center center;  '  data-section-bg-repeat='stretch' data-av_minimum_height_pc='25'><div class='container' ><div class='template-page content  av-content-full alpha units'><div class='post-entry post-entry-type-page post-entry-918'><div class='entry-content-wrapper clearfix'>\n<\/div><\/div><\/div><!-- close content main div --><\/div><\/div><div id='social-bottom'  class='avia-section header_color avia-section-default avia-no-border-styling  avia-bg-style-scroll  avia-builder-el-26  el_after_av_section  avia-builder-el-last   container_wrap fullsize' style='background-color: #222222;  '  ><div class='container' ><div class='template-page content  av-content-full alpha units'><div class='post-entry post-entry-type-page post-entry-918'><div class='entry-content-wrapper clearfix'>\n<div class='flex_column_table av-equal-height-column-flextable -flextable' ><div class=\"flex_column av_two_third  flex_column_table_cell av-equal-height-column av-align-middle av-zero-column-padding first  avia-builder-el-27  el_before_av_one_third  avia-builder-el-first  \" style='border-radius:0px; '><div  style='padding-bottom:0px; ' class='av-special-heading av-special-heading-h3  blockquote modern-quote  avia-builder-el-28  avia-builder-el-no-sibling  '><h3 class='av-special-heading-tag '  itemprop=\"headline\"  >Weitergeben<\/h3><div class='special-heading-border'><div class='special-heading-inner-border' ><\/div><\/div><\/div><\/div><div class='av-flex-placeholder'><\/div><div class=\"flex_column av_one_third  flex_column_table_cell av-equal-height-column av-align-middle av-zero-column-padding   avia-builder-el-29  el_after_av_two_third  avia-builder-el-last  \" style='border-radius:0px; '><div  class='av-social-sharing-box  avia-builder-el-30  avia-builder-el-no-sibling  '><div class='av-share-box'><ul class='av-share-box-list noLightbox'><li class='av-share-link av-social-link-facebook' ><a target=\"_blank\" aria-label=\"Teilen auf Facebook\" href='https:\/\/www.facebook.com\/sharer.php?u=https:\/\/rubikontext.hu\/de\/&#038;t=Rubikon%20Text' aria-hidden='false' data-av_icon='\ue8f3' data-av_iconfont='entypo-fontello' title='' data-avia-related-tooltip='Teilen auf Facebook' rel=\"noopener\"><span class='avia_hidden_link_text'>Teilen auf Facebook<\/span><\/a><\/li><li class='av-share-link av-social-link-twitter' ><a target=\"_blank\" aria-label=\"Teilen auf Twitter\" href='https:\/\/twitter.com\/share?text=Rubikon%20Text&#038;url=https:\/\/rubikontext.hu\/de\/' aria-hidden='false' data-av_icon='\ue8f1' data-av_iconfont='entypo-fontello' title='' data-avia-related-tooltip='Teilen auf Twitter' rel=\"noopener\"><span class='avia_hidden_link_text'>Teilen auf Twitter<\/span><\/a><\/li><li class='av-share-link av-social-link-linkedin' ><a target=\"_blank\" aria-label=\"Teilen auf LinkedIn\" href='https:\/\/linkedin.com\/shareArticle?mini=true&#038;title=Rubikon%20Text&#038;url=https:\/\/rubikontext.hu\/de\/' aria-hidden='false' data-av_icon='\ue8fc' data-av_iconfont='entypo-fontello' title='' data-avia-related-tooltip='Teilen auf LinkedIn' rel=\"noopener\"><span class='avia_hidden_link_text'>Teilen auf LinkedIn<\/span><\/a><\/li><li class='av-share-link av-social-link-mail' ><a  aria-label=\"Per E-Mail teilen\" href='mailto:?subject=Rubikon%20Text&#038;body=https:\/\/rubikontext.hu\/de\/' aria-hidden='false' data-av_icon='\ue805' data-av_iconfont='entypo-fontello' title='' data-avia-related-tooltip='Per E-Mail teilen'><span class='avia_hidden_link_text'>Per E-Mail teilen<\/span><\/a><\/li><\/ul><\/div><\/div><\/div><\/div><!--close column table wrapper. Autoclose: 1 -->\n\n","protected":false},"excerpt":{"rendered":"","protected":false},"author":1,"featured_media":0,"parent":0,"menu_order":0,"comment_status":"closed","ping_status":"closed","template":"","meta":{"footnotes":""},"_links":{"self":[{"href":"https:\/\/rubikontext.hu\/de\/wp-json\/wp\/v2\/pages\/918"}],"collection":[{"href":"https:\/\/rubikontext.hu\/de\/wp-json\/wp\/v2\/pages"}],"about":[{"href":"https:\/\/rubikontext.hu\/de\/wp-json\/wp\/v2\/types\/page"}],"author":[{"embeddable":true,"href":"https:\/\/rubikontext.hu\/de\/wp-json\/wp\/v2\/users\/1"}],"replies":[{"embeddable":true,"href":"https:\/\/rubikontext.hu\/de\/wp-json\/wp\/v2\/comments?post=918"}],"version-history":[{"count":3,"href":"https:\/\/rubikontext.hu\/de\/wp-json\/wp\/v2\/pages\/918\/revisions"}],"predecessor-version":[{"id":1286,"href":"https:\/\/rubikontext.hu\/de\/wp-json\/wp\/v2\/pages\/918\/revisions\/1286"}],"wp:attachment":[{"href":"https:\/\/rubikontext.hu\/de\/wp-json\/wp\/v2\/media?parent=918"}],"curies":[{"name":"wp","href":"https:\/\/api.w.org\/{rel}","templated":true}]}}