{"id":1001,"date":"2020-10-12T10:54:25","date_gmt":"2020-10-12T10:54:25","guid":{"rendered":"https:\/\/rubikontext.hu\/adatkezelesi-tajekoztato\/"},"modified":"2020-11-12T17:45:06","modified_gmt":"2020-11-12T17:45:06","slug":"adatkezelesi-tajekoztato","status":"publish","type":"page","link":"https:\/\/rubikontext.hu\/de\/adatkezelesi-tajekoztato\/","title":{"rendered":"Adatv\u00e9delmi ir\u00e1nyelvek"},"content":{"rendered":"<div id='hero-desktop'  class='avia-section main_color avia-section-default avia-no-border-styling  avia-bg-style-fixed  avia-builder-el-0  el_before_av_section  avia-builder-el-first   av-small-hide av-mini-hide av-minimum-height av-minimum-height-25  container_wrap fullsize' style=' '   data-av_minimum_height_pc='25'><div class='container' ><main  role=\"main\" itemprop=\"mainContentOfPage\"  class='template-page content  av-content-full alpha units'><div class='post-entry post-entry-type-page post-entry-1001'><div class='entry-content-wrapper clearfix'>\n<div class=\"flex_column av_one_full  av-animated-generic fade-in  flex_column_div av-zero-column-padding first  avia-builder-el-1  avia-builder-el-no-sibling  \" style='border-radius:0px; '><div  style='padding-bottom:10px; ' class='av-special-heading av-special-heading-h1  blockquote modern-quote  avia-builder-el-2  avia-builder-el-no-sibling  '><h1 class='av-special-heading-tag '  itemprop=\"headline\"  >Rubikon<\/h1><div class ='av-subheading av-subheading_below  ' style='font-size:15px;'><p>megb\u00edzhat\u00f3 t\u00e1rs egy felbolygatott vil\u00e1gban<\/p>\n<\/div><div class='special-heading-border'><div class='special-heading-inner-border' ><\/div><\/div><\/div><\/div>\n\n<\/div><\/div><\/main><!-- close content main element --><\/div><\/div><div id='hero-mobil'  class='avia-section main_color avia-section-small avia-no-border-styling  avia-bg-style-scroll  avia-builder-el-3  el_after_av_section  el_before_av_section   av-desktop-hide av-medium-hide av-minimum-height av-minimum-height-25  container_wrap fullsize' style=' '   data-av_minimum_height_pc='25'><div class='container' ><div class='template-page content  av-content-full alpha units'><div class='post-entry post-entry-type-page post-entry-1001'><div class='entry-content-wrapper clearfix'>\n<div class=\"flex_column av_one_full  av-animated-generic fade-in  flex_column_div av-zero-column-padding first  avia-builder-el-4  avia-builder-el-no-sibling  \" style='border-radius:0px; '><div  style='padding-bottom:0px; ' class='av-special-heading av-special-heading-h1  blockquote modern-quote  avia-builder-el-5  avia-builder-el-no-sibling  '><h1 class='av-special-heading-tag '  itemprop=\"headline\"  >Rubikon<\/h1><div class ='av-subheading av-subheading_below  ' style='font-size:15px;'><p>megb\u00edzhat\u00f3 t\u00e1rs egy felbolygatott vil\u00e1gban<\/p>\n<\/div><div class='special-heading-border'><div class='special-heading-inner-border' ><\/div><\/div><\/div><\/div>\n\n<\/div><\/div><\/div><!-- close content main div --><\/div><\/div><div id='av_section_3'  class='avia-section alternate_color avia-section-default avia-no-border-styling  avia-bg-style-scroll  avia-builder-el-6  el_after_av_section  avia-builder-el-last   container_wrap fullsize' style=' '  ><div class='container' ><div class='template-page content  av-content-full alpha units'><div class='post-entry post-entry-type-page post-entry-1001'><div class='entry-content-wrapper clearfix'>\n<div class=\"flex_column av_one_third  flex_column_div av-zero-column-padding first  avia-builder-el-7  el_before_av_one_third  avia-builder-el-first  \" style='border-radius:0px; '><p><div  style='padding-bottom:10px; ' class='av-special-heading av-special-heading-h3  blockquote modern-quote  avia-builder-el-8  el_before_av_textblock  avia-builder-el-first  av-linked-heading '><h3 class='av-special-heading-tag '  itemprop=\"headline\"  ><a href=\"https:\/\/rubikontext.hu\/wp-content\/uploads\/2020\/11\/adatkezelesi-tajekoztato.pdf\">Adatkezel\u00e9si T\u00e1j\u00e9koztat\u00f3<\/a><\/h3><div class='special-heading-border'><div class='special-heading-inner-border' ><\/div><\/div><\/div><br \/>\n<section class=\"av_textblock_section \"  itemscope=\"itemscope\" itemtype=\"https:\/\/schema.org\/CreativeWork\" ><div class='avia_textblock  '   itemprop=\"text\" ><p>C\u00e9g\u00fcnk sz\u00e1m\u00e1ra az inform\u00e1ci\u00f3biztons\u00e1g \u00e9s az adatv\u00e9delem kiemelked\u0151en fontos. Jelen adatkezel\u00e9si t\u00e1j\u00e9koztat\u00f3 r\u00e9szletezi<br \/>\nelk\u00f6telezetts\u00e9g\u00fcnket az \u00d6n szem\u00e9lyes adatainak v\u00e9delme mellett, a mindenkor hat\u00e1lyos szab\u00e1lyoz\u00e1ssal \u00f6sszhangban.<\/p>\n<p><a href=\"https:\/\/rubikontext.hu\/wp-content\/uploads\/2020\/11\/adatkezelesi-tajekoztato.pdf\">Dokumentum megtekint\u00e9se (PDF)<\/a><\/p>\n<\/div><\/section><\/p><\/div><div class=\"flex_column av_one_third  flex_column_div av-zero-column-padding   avia-builder-el-10  el_after_av_one_third  el_before_av_one_third  \" style='border-radius:0px; '><p><div  style='padding-bottom:10px; ' class='av-special-heading av-special-heading-h3  blockquote modern-quote  avia-builder-el-11  el_before_av_textblock  avia-builder-el-first  av-linked-heading '><h3 class='av-special-heading-tag '  itemprop=\"headline\"  ><a href=\"#\">\u00c9rdekm\u00e9rlegel\u00e9si teszt<\/a><\/h3><div class='special-heading-border'><div class='special-heading-inner-border' ><\/div><\/div><\/div><br \/>\n<section class=\"av_textblock_section \"  itemscope=\"itemscope\" itemtype=\"https:\/\/schema.org\/CreativeWork\" ><div class='avia_textblock  '   itemprop=\"text\" ><p>az \u00e1ll\u00e1shirdet\u00e9sekre jelentkez\u0151k szem\u00e9lyes adatainak jogos \u00e9rdeken alapul\u00f3 kezel\u00e9s\u00e9re<\/p>\n<p><a href=\"https:\/\/rubikontext.hu\/wp-content\/uploads\/2020\/11\/erdekmerlegelesi-teszt-allaspalyazatra-jelentkezok.pdf\">Dokumentum megtekint\u00e9se (PDF)<\/a><\/p>\n<\/div><\/section><\/p><\/div><div class=\"flex_column av_one_third  flex_column_div av-zero-column-padding   avia-builder-el-13  el_after_av_one_third  avia-builder-el-last  \" style='border-radius:0px; '><p><div  style='padding-bottom:10px; ' class='av-special-heading av-special-heading-h3  blockquote modern-quote  avia-builder-el-14  el_before_av_textblock  avia-builder-el-first  av-linked-heading '><h3 class='av-special-heading-tag '  itemprop=\"headline\"  ><a href=\"#\">\u00c9rdekm\u00e9rlegel\u00e9si teszt<\/a><\/h3><div class='special-heading-border'><div class='special-heading-inner-border' ><\/div><\/div><\/div><br \/>\n<section class=\"av_textblock_section \"  itemscope=\"itemscope\" itemtype=\"https:\/\/schema.org\/CreativeWork\" ><div class='avia_textblock  '   itemprop=\"text\" ><p>z\u00e1rtl\u00e1nc\u00fa k\u00e9pfelvev\u0151 biztons\u00e1gi kamerarendszer \u00fczemeltet\u00e9se \u00fatj\u00e1n t\u00f6rt\u00e9n\u0151 szem\u00e9lyes adatok kezel\u00e9s\u00e9re<\/p>\n<p><a href=\"https:\/\/rubikontext.hu\/wp-content\/uploads\/2020\/11\/erdekmerlegelesi-teszt-kamerarendszer-alkalmazasa.pdf\">Dokumentum megtekint\u00e9se (PDF)<\/a><\/p>\n<\/div><\/section><\/p><\/div>\n\n","protected":false},"excerpt":{"rendered":"","protected":false},"author":1,"featured_media":0,"parent":0,"menu_order":0,"comment_status":"closed","ping_status":"open","template":"","meta":{"footnotes":""},"_links":{"self":[{"href":"https:\/\/rubikontext.hu\/de\/wp-json\/wp\/v2\/pages\/1001"}],"collection":[{"href":"https:\/\/rubikontext.hu\/de\/wp-json\/wp\/v2\/pages"}],"about":[{"href":"https:\/\/rubikontext.hu\/de\/wp-json\/wp\/v2\/types\/page"}],"author":[{"embeddable":true,"href":"https:\/\/rubikontext.hu\/de\/wp-json\/wp\/v2\/users\/1"}],"replies":[{"embeddable":true,"href":"https:\/\/rubikontext.hu\/de\/wp-json\/wp\/v2\/comments?post=1001"}],"version-history":[{"count":2,"href":"https:\/\/rubikontext.hu\/de\/wp-json\/wp\/v2\/pages\/1001\/revisions"}],"predecessor-version":[{"id":1096,"href":"https:\/\/rubikontext.hu\/de\/wp-json\/wp\/v2\/pages\/1001\/revisions\/1096"}],"wp:attachment":[{"href":"https:\/\/rubikontext.hu\/de\/wp-json\/wp\/v2\/media?parent=1001"}],"curies":[{"name":"wp","href":"https:\/\/api.w.org\/{rel}","templated":true}]}}